{"id":1622,"date":"2024-04-09T15:47:06","date_gmt":"2024-04-09T15:47:06","guid":{"rendered":"https:\/\/espazolecermariamiramontes.santiagodecompostela.gal\/?page_id=1622"},"modified":"2024-04-11T08:36:05","modified_gmt":"2024-04-11T08:36:05","slug":"irmandades-do-conto","status":"publish","type":"page","link":"https:\/\/espazolecermariamiramontes.santiagodecompostela.gal\/?page_id=1622","title":{"rendered":"Irmandades do conto"},"content":{"rendered":"\n<p>As actividades das Irmandades do Conto l\u00e9vanse a cabo nos espazos da Bebeteca, Pequeteca e Maiorteca.<\/p>\n\n\n\n<p>Desde as Irmandades do Conto, desenv\u00f3lvense diversas actividades vencelladas \u00e1 lectura, \u00e1 creaci\u00f3n de historias e ao teatro. Deste xeito, estim\u00falase e favor\u00e9cese a creatividade dos\/as nenos e nenas mediante a a elaboraci\u00f3n de historias propias con diferentes tem\u00e1ticas, as\u00ed como de adaptaci\u00f3ns de contos e a representaci\u00f3n dalg\u00fans en obras teatrais.<\/p>\n\n\n\n<p>Facendo referencia \u00e1 co\u00f1ecida organizaci\u00f3n das Irmandades da Fala, estas actividades venc\u00e9llanse especialmente ca cultura e a lingua galega, promocion\u00e1ndose tanto a lectura como a fala en galego e divulgando a nosa historia, cultura, tradici\u00f3ns e costumes.<\/p>\n\n\n\n<p>Ademais, neste e<span style=\"color: initial;\">spazo se lles ofrecer\u00e1 unha ampla variedade de libros que poder\u00e1n ler no centro ou levar prestados a casa e, desta maneira, incentivar \u00e1 lectura e reforzar a s\u00faa imaxinaci\u00f3n.<\/span><\/p>\n\n\n\n<figure class=\"wp-block-image size-full\"><img loading=\"lazy\" decoding=\"async\" width=\"1748\" height=\"1240\" src=\"https:\/\/espazolecermariamiramontes.santiagodecompostela.gal\/wp-content\/uploads\/2024\/04\/2.jpg\" alt=\"\" class=\"wp-image-1623\"\/><\/figure>\n","protected":false},"excerpt":{"rendered":"<p>As actividades das Irmandades do Conto l\u00e9vanse a cabo nos espazos da Bebeteca, Pequeteca e Maiorteca. Desde as Irmandades do Conto, desenv\u00f3lvense diversas actividades vencelladas \u00e1 lectura, \u00e1 creaci\u00f3n de historias e ao teatro. Deste xeito, estim\u00falase e favor\u00e9cese a creatividade dos\/as nenos e nenas mediante a a elaboraci\u00f3n de historias propias con diferentes tem\u00e1ticas,&hellip; <br \/> <a class=\"button small blue\" href=\"https:\/\/espazolecermariamiramontes.santiagodecompostela.gal\/?page_id=1622\">Read more<\/a><\/p>\n","protected":false},"author":1,"featured_media":0,"parent":0,"menu_order":0,"comment_status":"closed","ping_status":"closed","template":"","meta":{"pgc_sgb_lightbox_settings":"","footnotes":""},"class_list":["post-1622","page","type-page","status-publish","hentry"],"yoast_head":"<!-- This site is optimized with the Yoast SEO plugin v26.3 - https:\/\/yoast.com\/wordpress\/plugins\/seo\/ -->\n<title>Irmandades do conto - Espazo de Lecer Mar\u00eda Miramontes<\/title>\n<meta name=\"robots\" content=\"index, follow, max-snippet:-1, max-image-preview:large, max-video-preview:-1\" \/>\n<link rel=\"canonical\" href=\"https:\/\/espazolecermariamiramontes.santiagodecompostela.gal\/?page_id=1622\" \/>\n<meta property=\"og:locale\" content=\"en_US\" \/>\n<meta property=\"og:type\" content=\"article\" \/>\n<meta property=\"og:title\" content=\"Irmandades do conto - Espazo de Lecer Mar\u00eda Miramontes\" \/>\n<meta property=\"og:description\" content=\"As actividades das Irmandades do Conto l\u00e9vanse a cabo nos espazos da Bebeteca, Pequeteca e Maiorteca. Desde as Irmandades do Conto, desenv\u00f3lvense diversas actividades vencelladas \u00e1 lectura, \u00e1 creaci\u00f3n de historias e ao teatro. Deste xeito, estim\u00falase e favor\u00e9cese a creatividade dos\/as nenos e nenas mediante a a elaboraci\u00f3n de historias propias con diferentes tem\u00e1ticas,&hellip; Read more\" \/>\n<meta property=\"og:url\" content=\"https:\/\/espazolecermariamiramontes.santiagodecompostela.gal\/?page_id=1622\" \/>\n<meta property=\"og:site_name\" content=\"Espazo de Lecer Mar\u00eda Miramontes\" \/>\n<meta property=\"article:publisher\" content=\"https:\/\/www.facebook.com\/Espazo-de-Lecer-Maria-Miramontes-110522278058870\/\" \/>\n<meta property=\"article:modified_time\" content=\"2024-04-11T08:36:05+00:00\" \/>\n<meta property=\"og:image\" content=\"https:\/\/espazolecermariamiramontes.santiagodecompostela.gal\/wp-content\/uploads\/2024\/04\/2.jpg\" \/>\n<meta name=\"twitter:card\" content=\"summary_large_image\" \/>\n<meta name=\"twitter:label1\" content=\"Est. reading time\" \/>\n\t<meta name=\"twitter:data1\" content=\"1 minuto\" \/>\n<script type=\"application\/ld+json\" class=\"yoast-schema-graph\">{\"@context\":\"https:\/\/schema.org\",\"@graph\":[{\"@type\":\"WebPage\",\"@id\":\"https:\/\/espazolecermariamiramontes.santiagodecompostela.gal\/?page_id=1622\",\"url\":\"https:\/\/espazolecermariamiramontes.santiagodecompostela.gal\/?page_id=1622\",\"name\":\"Irmandades do conto - Espazo de Lecer Mar\u00eda Miramontes\",\"isPartOf\":{\"@id\":\"https:\/\/espazolecermariamiramontes.santiagodecompostela.gal\/#website\"},\"primaryImageOfPage\":{\"@id\":\"https:\/\/espazolecermariamiramontes.santiagodecompostela.gal\/?page_id=1622#primaryimage\"},\"image\":{\"@id\":\"https:\/\/espazolecermariamiramontes.santiagodecompostela.gal\/?page_id=1622#primaryimage\"},\"thumbnailUrl\":\"https:\/\/espazolecermariamiramontes.santiagodecompostela.gal\/wp-content\/uploads\/2024\/04\/2.jpg\",\"datePublished\":\"2024-04-09T15:47:06+00:00\",\"dateModified\":\"2024-04-11T08:36:05+00:00\",\"breadcrumb\":{\"@id\":\"https:\/\/espazolecermariamiramontes.santiagodecompostela.gal\/?page_id=1622#breadcrumb\"},\"inLanguage\":\"es\",\"potentialAction\":[{\"@type\":\"ReadAction\",\"target\":[\"https:\/\/espazolecermariamiramontes.santiagodecompostela.gal\/?page_id=1622\"]}]},{\"@type\":\"ImageObject\",\"inLanguage\":\"es\",\"@id\":\"https:\/\/espazolecermariamiramontes.santiagodecompostela.gal\/?page_id=1622#primaryimage\",\"url\":\"https:\/\/espazolecermariamiramontes.santiagodecompostela.gal\/wp-content\/uploads\/2024\/04\/2.jpg\",\"contentUrl\":\"https:\/\/espazolecermariamiramontes.santiagodecompostela.gal\/wp-content\/uploads\/2024\/04\/2.jpg\",\"width\":1748,\"height\":1240,\"caption\":\"xr:d:DAGBizVEbdw:33,j:5700855559410918325,t:24040913\"},{\"@type\":\"BreadcrumbList\",\"@id\":\"https:\/\/espazolecermariamiramontes.santiagodecompostela.gal\/?page_id=1622#breadcrumb\",\"itemListElement\":[{\"@type\":\"ListItem\",\"position\":1,\"name\":\"Home\",\"item\":\"https:\/\/espazolecermariamiramontes.santiagodecompostela.gal\/\"},{\"@type\":\"ListItem\",\"position\":2,\"name\":\"Irmandades do conto\"}]},{\"@type\":\"WebSite\",\"@id\":\"https:\/\/espazolecermariamiramontes.santiagodecompostela.gal\/#website\",\"url\":\"https:\/\/espazolecermariamiramontes.santiagodecompostela.gal\/\",\"name\":\"Espazo de Lecer Mar\u00eda Miramontes\",\"description\":\"Espazo no que se promove a aprendizaxe a trav\u00e9s do xogo\",\"publisher\":{\"@id\":\"https:\/\/espazolecermariamiramontes.santiagodecompostela.gal\/#organization\"},\"potentialAction\":[{\"@type\":\"SearchAction\",\"target\":{\"@type\":\"EntryPoint\",\"urlTemplate\":\"https:\/\/espazolecermariamiramontes.santiagodecompostela.gal\/?s={search_term_string}\"},\"query-input\":{\"@type\":\"PropertyValueSpecification\",\"valueRequired\":true,\"valueName\":\"search_term_string\"}}],\"inLanguage\":\"es\"},{\"@type\":\"Organization\",\"@id\":\"https:\/\/espazolecermariamiramontes.santiagodecompostela.gal\/#organization\",\"name\":\"Espazo de Lecer Mar\u00eda Miramontes\",\"url\":\"https:\/\/espazolecermariamiramontes.santiagodecompostela.gal\/\",\"logo\":{\"@type\":\"ImageObject\",\"inLanguage\":\"es\",\"@id\":\"https:\/\/espazolecermariamiramontes.santiagodecompostela.gal\/#\/schema\/logo\/image\/\",\"url\":\"https:\/\/espazolecermariamiramontes.santiagodecompostela.gal\/wp-content\/uploads\/2021\/09\/logoConcellonegroDE.png\",\"contentUrl\":\"https:\/\/espazolecermariamiramontes.santiagodecompostela.gal\/wp-content\/uploads\/2021\/09\/logoConcellonegroDE.png\",\"width\":613,\"height\":847,\"caption\":\"Espazo de Lecer Mar\u00eda Miramontes\"},\"image\":{\"@id\":\"https:\/\/espazolecermariamiramontes.santiagodecompostela.gal\/#\/schema\/logo\/image\/\"},\"sameAs\":[\"https:\/\/www.facebook.com\/Espazo-de-Lecer-Maria-Miramontes-110522278058870\/\",\"https:\/\/www.instagram.com\/espazodelecermariamiramontes\/\"]}]}<\/script>\n<!-- \/ Yoast SEO plugin. -->","yoast_head_json":{"title":"Irmandades do conto - Espazo de Lecer Mar\u00eda Miramontes","robots":{"index":"index","follow":"follow","max-snippet":"max-snippet:-1","max-image-preview":"max-image-preview:large","max-video-preview":"max-video-preview:-1"},"canonical":"https:\/\/espazolecermariamiramontes.santiagodecompostela.gal\/?page_id=1622","og_locale":"en_US","og_type":"article","og_title":"Irmandades do conto - Espazo de Lecer Mar\u00eda Miramontes","og_description":"As actividades das Irmandades do Conto l\u00e9vanse a cabo nos espazos da Bebeteca, Pequeteca e Maiorteca. Desde as Irmandades do Conto, desenv\u00f3lvense diversas actividades vencelladas \u00e1 lectura, \u00e1 creaci\u00f3n de historias e ao teatro. Deste xeito, estim\u00falase e favor\u00e9cese a creatividade dos\/as nenos e nenas mediante a a elaboraci\u00f3n de historias propias con diferentes tem\u00e1ticas,&hellip; Read more","og_url":"https:\/\/espazolecermariamiramontes.santiagodecompostela.gal\/?page_id=1622","og_site_name":"Espazo de Lecer Mar\u00eda Miramontes","article_publisher":"https:\/\/www.facebook.com\/Espazo-de-Lecer-Maria-Miramontes-110522278058870\/","article_modified_time":"2024-04-11T08:36:05+00:00","og_image":[{"url":"https:\/\/espazolecermariamiramontes.santiagodecompostela.gal\/wp-content\/uploads\/2024\/04\/2.jpg","type":"","width":"","height":""}],"twitter_card":"summary_large_image","twitter_misc":{"Est. reading time":"1 minuto"},"schema":{"@context":"https:\/\/schema.org","@graph":[{"@type":"WebPage","@id":"https:\/\/espazolecermariamiramontes.santiagodecompostela.gal\/?page_id=1622","url":"https:\/\/espazolecermariamiramontes.santiagodecompostela.gal\/?page_id=1622","name":"Irmandades do conto - Espazo de Lecer Mar\u00eda Miramontes","isPartOf":{"@id":"https:\/\/espazolecermariamiramontes.santiagodecompostela.gal\/#website"},"primaryImageOfPage":{"@id":"https:\/\/espazolecermariamiramontes.santiagodecompostela.gal\/?page_id=1622#primaryimage"},"image":{"@id":"https:\/\/espazolecermariamiramontes.santiagodecompostela.gal\/?page_id=1622#primaryimage"},"thumbnailUrl":"https:\/\/espazolecermariamiramontes.santiagodecompostela.gal\/wp-content\/uploads\/2024\/04\/2.jpg","datePublished":"2024-04-09T15:47:06+00:00","dateModified":"2024-04-11T08:36:05+00:00","breadcrumb":{"@id":"https:\/\/espazolecermariamiramontes.santiagodecompostela.gal\/?page_id=1622#breadcrumb"},"inLanguage":"es","potentialAction":[{"@type":"ReadAction","target":["https:\/\/espazolecermariamiramontes.santiagodecompostela.gal\/?page_id=1622"]}]},{"@type":"ImageObject","inLanguage":"es","@id":"https:\/\/espazolecermariamiramontes.santiagodecompostela.gal\/?page_id=1622#primaryimage","url":"https:\/\/espazolecermariamiramontes.santiagodecompostela.gal\/wp-content\/uploads\/2024\/04\/2.jpg","contentUrl":"https:\/\/espazolecermariamiramontes.santiagodecompostela.gal\/wp-content\/uploads\/2024\/04\/2.jpg","width":1748,"height":1240,"caption":"xr:d:DAGBizVEbdw:33,j:5700855559410918325,t:24040913"},{"@type":"BreadcrumbList","@id":"https:\/\/espazolecermariamiramontes.santiagodecompostela.gal\/?page_id=1622#breadcrumb","itemListElement":[{"@type":"ListItem","position":1,"name":"Home","item":"https:\/\/espazolecermariamiramontes.santiagodecompostela.gal\/"},{"@type":"ListItem","position":2,"name":"Irmandades do conto"}]},{"@type":"WebSite","@id":"https:\/\/espazolecermariamiramontes.santiagodecompostela.gal\/#website","url":"https:\/\/espazolecermariamiramontes.santiagodecompostela.gal\/","name":"Espazo de Lecer Mar\u00eda Miramontes","description":"Espazo no que se promove a aprendizaxe a trav\u00e9s do xogo","publisher":{"@id":"https:\/\/espazolecermariamiramontes.santiagodecompostela.gal\/#organization"},"potentialAction":[{"@type":"SearchAction","target":{"@type":"EntryPoint","urlTemplate":"https:\/\/espazolecermariamiramontes.santiagodecompostela.gal\/?s={search_term_string}"},"query-input":{"@type":"PropertyValueSpecification","valueRequired":true,"valueName":"search_term_string"}}],"inLanguage":"es"},{"@type":"Organization","@id":"https:\/\/espazolecermariamiramontes.santiagodecompostela.gal\/#organization","name":"Espazo de Lecer Mar\u00eda Miramontes","url":"https:\/\/espazolecermariamiramontes.santiagodecompostela.gal\/","logo":{"@type":"ImageObject","inLanguage":"es","@id":"https:\/\/espazolecermariamiramontes.santiagodecompostela.gal\/#\/schema\/logo\/image\/","url":"https:\/\/espazolecermariamiramontes.santiagodecompostela.gal\/wp-content\/uploads\/2021\/09\/logoConcellonegroDE.png","contentUrl":"https:\/\/espazolecermariamiramontes.santiagodecompostela.gal\/wp-content\/uploads\/2021\/09\/logoConcellonegroDE.png","width":613,"height":847,"caption":"Espazo de Lecer Mar\u00eda Miramontes"},"image":{"@id":"https:\/\/espazolecermariamiramontes.santiagodecompostela.gal\/#\/schema\/logo\/image\/"},"sameAs":["https:\/\/www.facebook.com\/Espazo-de-Lecer-Maria-Miramontes-110522278058870\/","https:\/\/www.instagram.com\/espazodelecermariamiramontes\/"]}]}},"_links":{"self":[{"href":"https:\/\/espazolecermariamiramontes.santiagodecompostela.gal\/index.php?rest_route=\/wp\/v2\/pages\/1622","targetHints":{"allow":["GET"]}}],"collection":[{"href":"https:\/\/espazolecermariamiramontes.santiagodecompostela.gal\/index.php?rest_route=\/wp\/v2\/pages"}],"about":[{"href":"https:\/\/espazolecermariamiramontes.santiagodecompostela.gal\/index.php?rest_route=\/wp\/v2\/types\/page"}],"author":[{"embeddable":true,"href":"https:\/\/espazolecermariamiramontes.santiagodecompostela.gal\/index.php?rest_route=\/wp\/v2\/users\/1"}],"replies":[{"embeddable":true,"href":"https:\/\/espazolecermariamiramontes.santiagodecompostela.gal\/index.php?rest_route=%2Fwp%2Fv2%2Fcomments&post=1622"}],"version-history":[{"count":3,"href":"https:\/\/espazolecermariamiramontes.santiagodecompostela.gal\/index.php?rest_route=\/wp\/v2\/pages\/1622\/revisions"}],"predecessor-version":[{"id":1657,"href":"https:\/\/espazolecermariamiramontes.santiagodecompostela.gal\/index.php?rest_route=\/wp\/v2\/pages\/1622\/revisions\/1657"}],"wp:attachment":[{"href":"https:\/\/espazolecermariamiramontes.santiagodecompostela.gal\/index.php?rest_route=%2Fwp%2Fv2%2Fmedia&parent=1622"}],"curies":[{"name":"wp","href":"https:\/\/api.w.org\/{rel}","templated":true}]}}