{"id":1682,"date":"2024-04-11T10:23:26","date_gmt":"2024-04-11T10:23:26","guid":{"rendered":"https:\/\/espazolecermariamiramontes.santiagodecompostela.gal\/?page_id=1682"},"modified":"2024-04-11T10:23:26","modified_gmt":"2024-04-11T10:23:26","slug":"o-horreo-do-refugallo","status":"publish","type":"page","link":"https:\/\/espazolecermariamiramontes.santiagodecompostela.gal\/?page_id=1682","title":{"rendered":"O H\u00d3RREO DO REFUGALLO"},"content":{"rendered":"\n<p>O <em>H\u00f3rreo do Refugallo<\/em> constit\u00fae un espazo onde se recollen diversos materiais de refugallo co fin de darlle outro uso na realizaci\u00f3n de materiais e actividades do d\u00eda a d\u00eda no Espazo de Lecer Mar\u00eda Miramontes.<\/p>\n\n\n\n<p>Deste xeito, contrib\u00faese a xerar conciencia sobre a importancia da reciclaxe mentres se aproveitan os recursos dispo\u00f1ibles dun xeito creativo, din\u00e1mico e l\u00fadico. Empr\u00e9ganse tapas, tap\u00f3ns e botellas, rolos de papel, vasos de iogures, oveiras, etc.<\/p>\n\n\n\n<p>A este proxecto pode contribu\u00edr tanto o persoal do centro como as familias e a propia rapazada, traendo estes materiais da casa.<\/p>\n\n\n\n<figure class=\"wp-block-image size-full is-resized\"><img loading=\"lazy\" decoding=\"async\" width=\"1748\" height=\"1240\" src=\"https:\/\/espazolecermariamiramontes.santiagodecompostela.gal\/wp-content\/uploads\/2024\/04\/Imaxes-pax-web.png\" alt=\"\" class=\"wp-image-1691\" style=\"width:622px;height:auto\"\/><\/figure>\n","protected":false},"excerpt":{"rendered":"<p>O H\u00f3rreo do Refugallo constit\u00fae un espazo onde se recollen diversos materiais de refugallo co fin de darlle outro uso na realizaci\u00f3n de materiais e actividades do d\u00eda a d\u00eda no Espazo de Lecer Mar\u00eda Miramontes. Deste xeito, contrib\u00faese a xerar conciencia sobre a importancia da reciclaxe mentres se aproveitan os recursos dispo\u00f1ibles dun xeito&hellip; <br \/> <a class=\"button small blue\" href=\"https:\/\/espazolecermariamiramontes.santiagodecompostela.gal\/?page_id=1682\">Read more<\/a><\/p>\n","protected":false},"author":1,"featured_media":0,"parent":0,"menu_order":0,"comment_status":"closed","ping_status":"closed","template":"","meta":{"pgc_sgb_lightbox_settings":"","footnotes":""},"class_list":["post-1682","page","type-page","status-publish","hentry"],"yoast_head":"<!-- This site is optimized with the Yoast SEO plugin v26.3 - https:\/\/yoast.com\/wordpress\/plugins\/seo\/ -->\n<title>O H\u00d3RREO DO REFUGALLO - Espazo de Lecer Mar\u00eda Miramontes<\/title>\n<meta name=\"robots\" content=\"index, follow, max-snippet:-1, max-image-preview:large, max-video-preview:-1\" \/>\n<link rel=\"canonical\" href=\"https:\/\/espazolecermariamiramontes.santiagodecompostela.gal\/?page_id=1682\" \/>\n<meta property=\"og:locale\" content=\"en_US\" \/>\n<meta property=\"og:type\" content=\"article\" \/>\n<meta property=\"og:title\" content=\"O H\u00d3RREO DO REFUGALLO - Espazo de Lecer Mar\u00eda Miramontes\" \/>\n<meta property=\"og:description\" content=\"O H\u00f3rreo do Refugallo constit\u00fae un espazo onde se recollen diversos materiais de refugallo co fin de darlle outro uso na realizaci\u00f3n de materiais e actividades do d\u00eda a d\u00eda no Espazo de Lecer Mar\u00eda Miramontes. Deste xeito, contrib\u00faese a xerar conciencia sobre a importancia da reciclaxe mentres se aproveitan os recursos dispo\u00f1ibles dun xeito&hellip; Read more\" \/>\n<meta property=\"og:url\" content=\"https:\/\/espazolecermariamiramontes.santiagodecompostela.gal\/?page_id=1682\" \/>\n<meta property=\"og:site_name\" content=\"Espazo de Lecer Mar\u00eda Miramontes\" \/>\n<meta property=\"article:publisher\" content=\"https:\/\/www.facebook.com\/Espazo-de-Lecer-Maria-Miramontes-110522278058870\/\" \/>\n<meta property=\"og:image\" content=\"https:\/\/espazolecermariamiramontes.santiagodecompostela.gal\/wp-content\/uploads\/2024\/04\/Imaxes-pax-web.png\" \/>\n<meta name=\"twitter:card\" content=\"summary_large_image\" \/>\n<meta name=\"twitter:label1\" content=\"Est. reading time\" \/>\n\t<meta name=\"twitter:data1\" content=\"1 minuto\" \/>\n<script type=\"application\/ld+json\" class=\"yoast-schema-graph\">{\"@context\":\"https:\/\/schema.org\",\"@graph\":[{\"@type\":\"WebPage\",\"@id\":\"https:\/\/espazolecermariamiramontes.santiagodecompostela.gal\/?page_id=1682\",\"url\":\"https:\/\/espazolecermariamiramontes.santiagodecompostela.gal\/?page_id=1682\",\"name\":\"O H\u00d3RREO DO REFUGALLO - Espazo de Lecer Mar\u00eda Miramontes\",\"isPartOf\":{\"@id\":\"https:\/\/espazolecermariamiramontes.santiagodecompostela.gal\/#website\"},\"primaryImageOfPage\":{\"@id\":\"https:\/\/espazolecermariamiramontes.santiagodecompostela.gal\/?page_id=1682#primaryimage\"},\"image\":{\"@id\":\"https:\/\/espazolecermariamiramontes.santiagodecompostela.gal\/?page_id=1682#primaryimage\"},\"thumbnailUrl\":\"https:\/\/espazolecermariamiramontes.santiagodecompostela.gal\/wp-content\/uploads\/2024\/04\/Imaxes-pax-web.png\",\"datePublished\":\"2024-04-11T10:23:26+00:00\",\"breadcrumb\":{\"@id\":\"https:\/\/espazolecermariamiramontes.santiagodecompostela.gal\/?page_id=1682#breadcrumb\"},\"inLanguage\":\"es\",\"potentialAction\":[{\"@type\":\"ReadAction\",\"target\":[\"https:\/\/espazolecermariamiramontes.santiagodecompostela.gal\/?page_id=1682\"]}]},{\"@type\":\"ImageObject\",\"inLanguage\":\"es\",\"@id\":\"https:\/\/espazolecermariamiramontes.santiagodecompostela.gal\/?page_id=1682#primaryimage\",\"url\":\"https:\/\/espazolecermariamiramontes.santiagodecompostela.gal\/wp-content\/uploads\/2024\/04\/Imaxes-pax-web.png\",\"contentUrl\":\"https:\/\/espazolecermariamiramontes.santiagodecompostela.gal\/wp-content\/uploads\/2024\/04\/Imaxes-pax-web.png\",\"width\":1748,\"height\":1240},{\"@type\":\"BreadcrumbList\",\"@id\":\"https:\/\/espazolecermariamiramontes.santiagodecompostela.gal\/?page_id=1682#breadcrumb\",\"itemListElement\":[{\"@type\":\"ListItem\",\"position\":1,\"name\":\"Home\",\"item\":\"https:\/\/espazolecermariamiramontes.santiagodecompostela.gal\/\"},{\"@type\":\"ListItem\",\"position\":2,\"name\":\"O H\u00d3RREO DO REFUGALLO\"}]},{\"@type\":\"WebSite\",\"@id\":\"https:\/\/espazolecermariamiramontes.santiagodecompostela.gal\/#website\",\"url\":\"https:\/\/espazolecermariamiramontes.santiagodecompostela.gal\/\",\"name\":\"Espazo de Lecer Mar\u00eda Miramontes\",\"description\":\"Espazo no que se promove a aprendizaxe a trav\u00e9s do xogo\",\"publisher\":{\"@id\":\"https:\/\/espazolecermariamiramontes.santiagodecompostela.gal\/#organization\"},\"potentialAction\":[{\"@type\":\"SearchAction\",\"target\":{\"@type\":\"EntryPoint\",\"urlTemplate\":\"https:\/\/espazolecermariamiramontes.santiagodecompostela.gal\/?s={search_term_string}\"},\"query-input\":{\"@type\":\"PropertyValueSpecification\",\"valueRequired\":true,\"valueName\":\"search_term_string\"}}],\"inLanguage\":\"es\"},{\"@type\":\"Organization\",\"@id\":\"https:\/\/espazolecermariamiramontes.santiagodecompostela.gal\/#organization\",\"name\":\"Espazo de Lecer Mar\u00eda Miramontes\",\"url\":\"https:\/\/espazolecermariamiramontes.santiagodecompostela.gal\/\",\"logo\":{\"@type\":\"ImageObject\",\"inLanguage\":\"es\",\"@id\":\"https:\/\/espazolecermariamiramontes.santiagodecompostela.gal\/#\/schema\/logo\/image\/\",\"url\":\"https:\/\/espazolecermariamiramontes.santiagodecompostela.gal\/wp-content\/uploads\/2021\/09\/logoConcellonegroDE.png\",\"contentUrl\":\"https:\/\/espazolecermariamiramontes.santiagodecompostela.gal\/wp-content\/uploads\/2021\/09\/logoConcellonegroDE.png\",\"width\":613,\"height\":847,\"caption\":\"Espazo de Lecer Mar\u00eda Miramontes\"},\"image\":{\"@id\":\"https:\/\/espazolecermariamiramontes.santiagodecompostela.gal\/#\/schema\/logo\/image\/\"},\"sameAs\":[\"https:\/\/www.facebook.com\/Espazo-de-Lecer-Maria-Miramontes-110522278058870\/\",\"https:\/\/www.instagram.com\/espazodelecermariamiramontes\/\"]}]}<\/script>\n<!-- \/ Yoast SEO plugin. -->","yoast_head_json":{"title":"O H\u00d3RREO DO REFUGALLO - Espazo de Lecer Mar\u00eda Miramontes","robots":{"index":"index","follow":"follow","max-snippet":"max-snippet:-1","max-image-preview":"max-image-preview:large","max-video-preview":"max-video-preview:-1"},"canonical":"https:\/\/espazolecermariamiramontes.santiagodecompostela.gal\/?page_id=1682","og_locale":"en_US","og_type":"article","og_title":"O H\u00d3RREO DO REFUGALLO - Espazo de Lecer Mar\u00eda Miramontes","og_description":"O H\u00f3rreo do Refugallo constit\u00fae un espazo onde se recollen diversos materiais de refugallo co fin de darlle outro uso na realizaci\u00f3n de materiais e actividades do d\u00eda a d\u00eda no Espazo de Lecer Mar\u00eda Miramontes. Deste xeito, contrib\u00faese a xerar conciencia sobre a importancia da reciclaxe mentres se aproveitan os recursos dispo\u00f1ibles dun xeito&hellip; Read more","og_url":"https:\/\/espazolecermariamiramontes.santiagodecompostela.gal\/?page_id=1682","og_site_name":"Espazo de Lecer Mar\u00eda Miramontes","article_publisher":"https:\/\/www.facebook.com\/Espazo-de-Lecer-Maria-Miramontes-110522278058870\/","og_image":[{"url":"https:\/\/espazolecermariamiramontes.santiagodecompostela.gal\/wp-content\/uploads\/2024\/04\/Imaxes-pax-web.png","type":"","width":"","height":""}],"twitter_card":"summary_large_image","twitter_misc":{"Est. reading time":"1 minuto"},"schema":{"@context":"https:\/\/schema.org","@graph":[{"@type":"WebPage","@id":"https:\/\/espazolecermariamiramontes.santiagodecompostela.gal\/?page_id=1682","url":"https:\/\/espazolecermariamiramontes.santiagodecompostela.gal\/?page_id=1682","name":"O H\u00d3RREO DO REFUGALLO - Espazo de Lecer Mar\u00eda Miramontes","isPartOf":{"@id":"https:\/\/espazolecermariamiramontes.santiagodecompostela.gal\/#website"},"primaryImageOfPage":{"@id":"https:\/\/espazolecermariamiramontes.santiagodecompostela.gal\/?page_id=1682#primaryimage"},"image":{"@id":"https:\/\/espazolecermariamiramontes.santiagodecompostela.gal\/?page_id=1682#primaryimage"},"thumbnailUrl":"https:\/\/espazolecermariamiramontes.santiagodecompostela.gal\/wp-content\/uploads\/2024\/04\/Imaxes-pax-web.png","datePublished":"2024-04-11T10:23:26+00:00","breadcrumb":{"@id":"https:\/\/espazolecermariamiramontes.santiagodecompostela.gal\/?page_id=1682#breadcrumb"},"inLanguage":"es","potentialAction":[{"@type":"ReadAction","target":["https:\/\/espazolecermariamiramontes.santiagodecompostela.gal\/?page_id=1682"]}]},{"@type":"ImageObject","inLanguage":"es","@id":"https:\/\/espazolecermariamiramontes.santiagodecompostela.gal\/?page_id=1682#primaryimage","url":"https:\/\/espazolecermariamiramontes.santiagodecompostela.gal\/wp-content\/uploads\/2024\/04\/Imaxes-pax-web.png","contentUrl":"https:\/\/espazolecermariamiramontes.santiagodecompostela.gal\/wp-content\/uploads\/2024\/04\/Imaxes-pax-web.png","width":1748,"height":1240},{"@type":"BreadcrumbList","@id":"https:\/\/espazolecermariamiramontes.santiagodecompostela.gal\/?page_id=1682#breadcrumb","itemListElement":[{"@type":"ListItem","position":1,"name":"Home","item":"https:\/\/espazolecermariamiramontes.santiagodecompostela.gal\/"},{"@type":"ListItem","position":2,"name":"O H\u00d3RREO DO REFUGALLO"}]},{"@type":"WebSite","@id":"https:\/\/espazolecermariamiramontes.santiagodecompostela.gal\/#website","url":"https:\/\/espazolecermariamiramontes.santiagodecompostela.gal\/","name":"Espazo de Lecer Mar\u00eda Miramontes","description":"Espazo no que se promove a aprendizaxe a trav\u00e9s do xogo","publisher":{"@id":"https:\/\/espazolecermariamiramontes.santiagodecompostela.gal\/#organization"},"potentialAction":[{"@type":"SearchAction","target":{"@type":"EntryPoint","urlTemplate":"https:\/\/espazolecermariamiramontes.santiagodecompostela.gal\/?s={search_term_string}"},"query-input":{"@type":"PropertyValueSpecification","valueRequired":true,"valueName":"search_term_string"}}],"inLanguage":"es"},{"@type":"Organization","@id":"https:\/\/espazolecermariamiramontes.santiagodecompostela.gal\/#organization","name":"Espazo de Lecer Mar\u00eda Miramontes","url":"https:\/\/espazolecermariamiramontes.santiagodecompostela.gal\/","logo":{"@type":"ImageObject","inLanguage":"es","@id":"https:\/\/espazolecermariamiramontes.santiagodecompostela.gal\/#\/schema\/logo\/image\/","url":"https:\/\/espazolecermariamiramontes.santiagodecompostela.gal\/wp-content\/uploads\/2021\/09\/logoConcellonegroDE.png","contentUrl":"https:\/\/espazolecermariamiramontes.santiagodecompostela.gal\/wp-content\/uploads\/2021\/09\/logoConcellonegroDE.png","width":613,"height":847,"caption":"Espazo de Lecer Mar\u00eda Miramontes"},"image":{"@id":"https:\/\/espazolecermariamiramontes.santiagodecompostela.gal\/#\/schema\/logo\/image\/"},"sameAs":["https:\/\/www.facebook.com\/Espazo-de-Lecer-Maria-Miramontes-110522278058870\/","https:\/\/www.instagram.com\/espazodelecermariamiramontes\/"]}]}},"_links":{"self":[{"href":"https:\/\/espazolecermariamiramontes.santiagodecompostela.gal\/index.php?rest_route=\/wp\/v2\/pages\/1682","targetHints":{"allow":["GET"]}}],"collection":[{"href":"https:\/\/espazolecermariamiramontes.santiagodecompostela.gal\/index.php?rest_route=\/wp\/v2\/pages"}],"about":[{"href":"https:\/\/espazolecermariamiramontes.santiagodecompostela.gal\/index.php?rest_route=\/wp\/v2\/types\/page"}],"author":[{"embeddable":true,"href":"https:\/\/espazolecermariamiramontes.santiagodecompostela.gal\/index.php?rest_route=\/wp\/v2\/users\/1"}],"replies":[{"embeddable":true,"href":"https:\/\/espazolecermariamiramontes.santiagodecompostela.gal\/index.php?rest_route=%2Fwp%2Fv2%2Fcomments&post=1682"}],"version-history":[{"count":2,"href":"https:\/\/espazolecermariamiramontes.santiagodecompostela.gal\/index.php?rest_route=\/wp\/v2\/pages\/1682\/revisions"}],"predecessor-version":[{"id":1692,"href":"https:\/\/espazolecermariamiramontes.santiagodecompostela.gal\/index.php?rest_route=\/wp\/v2\/pages\/1682\/revisions\/1692"}],"wp:attachment":[{"href":"https:\/\/espazolecermariamiramontes.santiagodecompostela.gal\/index.php?rest_route=%2Fwp%2Fv2%2Fmedia&parent=1682"}],"curies":[{"name":"wp","href":"https:\/\/api.w.org\/{rel}","templated":true}]}}