{"id":1686,"date":"2024-04-11T10:47:32","date_gmt":"2024-04-11T10:47:32","guid":{"rendered":"https:\/\/espazolecermariamiramontes.santiagodecompostela.gal\/?page_id=1686"},"modified":"2024-04-11T10:53:11","modified_gmt":"2024-04-11T10:53:11","slug":"o-club-miramontes","status":"publish","type":"page","link":"https:\/\/espazolecermariamiramontes.santiagodecompostela.gal\/?page_id=1686","title":{"rendered":"O CLUB MIRAMONTES"},"content":{"rendered":"\n<p>O <em>Club Miramontes<\/em> \u00e9 unha iniciativa que xorde como idea para que os nenos e nenas leven a cabo diferentes desaf\u00edos para intentar conseguir diversas chapas como premio.<\/p>\n\n\n\n<p>Algunhas das actividades que se propo\u00f1en son aportar ao h\u00f3rreo do refugallo, asistir a un s\u00e1bado tem\u00e1tico, propo\u00f1er un xogo ou xoguete novo, facer unha historia ou debuxo para o Ludoxornal, vir en bici \u00e1 ludo ou traer a un ou unha amigo\/a. <\/p>\n\n\n\n<p>No momento en que algu\u00e9n pertencente ao Club Miramontes sexa quen de cumplir os obxectivos da tarxeta, se lle far\u00e1 entrega da chapa co seu nome como recompensa por cumplir con todos os desaf\u00edos.<\/p>\n\n\n\n<figure class=\"wp-block-image size-full is-resized\"><img loading=\"lazy\" decoding=\"async\" width=\"1748\" height=\"1240\" src=\"https:\/\/espazolecermariamiramontes.santiagodecompostela.gal\/wp-content\/uploads\/2024\/04\/CLUB-MIRAMONTES.png\" alt=\"\" class=\"wp-image-1698\" style=\"width:1119px;height:auto\"\/><\/figure>\n","protected":false},"excerpt":{"rendered":"<p>O Club Miramontes \u00e9 unha iniciativa que xorde como idea para que os nenos e nenas leven a cabo diferentes desaf\u00edos para intentar conseguir diversas chapas como premio. Algunhas das actividades que se propo\u00f1en son aportar ao h\u00f3rreo do refugallo, asistir a un s\u00e1bado tem\u00e1tico, propo\u00f1er un xogo ou xoguete novo, facer unha historia ou&hellip; <br \/> <a class=\"button small blue\" href=\"https:\/\/espazolecermariamiramontes.santiagodecompostela.gal\/?page_id=1686\">Read more<\/a><\/p>\n","protected":false},"author":1,"featured_media":0,"parent":0,"menu_order":0,"comment_status":"closed","ping_status":"closed","template":"","meta":{"pgc_sgb_lightbox_settings":"","footnotes":""},"class_list":["post-1686","page","type-page","status-publish","hentry"],"yoast_head":"<!-- This site is optimized with the Yoast SEO plugin v26.3 - https:\/\/yoast.com\/wordpress\/plugins\/seo\/ -->\n<title>O CLUB MIRAMONTES - Espazo de Lecer Mar\u00eda Miramontes<\/title>\n<meta name=\"robots\" content=\"index, follow, max-snippet:-1, max-image-preview:large, max-video-preview:-1\" \/>\n<link rel=\"canonical\" href=\"https:\/\/espazolecermariamiramontes.santiagodecompostela.gal\/?page_id=1686\" \/>\n<meta property=\"og:locale\" content=\"en_US\" \/>\n<meta property=\"og:type\" content=\"article\" \/>\n<meta property=\"og:title\" content=\"O CLUB MIRAMONTES - Espazo de Lecer Mar\u00eda Miramontes\" \/>\n<meta property=\"og:description\" content=\"O Club Miramontes \u00e9 unha iniciativa que xorde como idea para que os nenos e nenas leven a cabo diferentes desaf\u00edos para intentar conseguir diversas chapas como premio. Algunhas das actividades que se propo\u00f1en son aportar ao h\u00f3rreo do refugallo, asistir a un s\u00e1bado tem\u00e1tico, propo\u00f1er un xogo ou xoguete novo, facer unha historia ou&hellip; Read more\" \/>\n<meta property=\"og:url\" content=\"https:\/\/espazolecermariamiramontes.santiagodecompostela.gal\/?page_id=1686\" \/>\n<meta property=\"og:site_name\" content=\"Espazo de Lecer Mar\u00eda Miramontes\" \/>\n<meta property=\"article:publisher\" content=\"https:\/\/www.facebook.com\/Espazo-de-Lecer-Maria-Miramontes-110522278058870\/\" \/>\n<meta property=\"article:modified_time\" content=\"2024-04-11T10:53:11+00:00\" \/>\n<meta property=\"og:image\" content=\"https:\/\/espazolecermariamiramontes.santiagodecompostela.gal\/wp-content\/uploads\/2024\/04\/CLUB-MIRAMONTES.png\" \/>\n<meta name=\"twitter:card\" content=\"summary_large_image\" \/>\n<meta name=\"twitter:label1\" content=\"Est. reading time\" \/>\n\t<meta name=\"twitter:data1\" content=\"1 minuto\" \/>\n<script type=\"application\/ld+json\" class=\"yoast-schema-graph\">{\"@context\":\"https:\/\/schema.org\",\"@graph\":[{\"@type\":\"WebPage\",\"@id\":\"https:\/\/espazolecermariamiramontes.santiagodecompostela.gal\/?page_id=1686\",\"url\":\"https:\/\/espazolecermariamiramontes.santiagodecompostela.gal\/?page_id=1686\",\"name\":\"O CLUB MIRAMONTES - Espazo de Lecer Mar\u00eda Miramontes\",\"isPartOf\":{\"@id\":\"https:\/\/espazolecermariamiramontes.santiagodecompostela.gal\/#website\"},\"primaryImageOfPage\":{\"@id\":\"https:\/\/espazolecermariamiramontes.santiagodecompostela.gal\/?page_id=1686#primaryimage\"},\"image\":{\"@id\":\"https:\/\/espazolecermariamiramontes.santiagodecompostela.gal\/?page_id=1686#primaryimage\"},\"thumbnailUrl\":\"https:\/\/espazolecermariamiramontes.santiagodecompostela.gal\/wp-content\/uploads\/2024\/04\/CLUB-MIRAMONTES.png\",\"datePublished\":\"2024-04-11T10:47:32+00:00\",\"dateModified\":\"2024-04-11T10:53:11+00:00\",\"breadcrumb\":{\"@id\":\"https:\/\/espazolecermariamiramontes.santiagodecompostela.gal\/?page_id=1686#breadcrumb\"},\"inLanguage\":\"es\",\"potentialAction\":[{\"@type\":\"ReadAction\",\"target\":[\"https:\/\/espazolecermariamiramontes.santiagodecompostela.gal\/?page_id=1686\"]}]},{\"@type\":\"ImageObject\",\"inLanguage\":\"es\",\"@id\":\"https:\/\/espazolecermariamiramontes.santiagodecompostela.gal\/?page_id=1686#primaryimage\",\"url\":\"https:\/\/espazolecermariamiramontes.santiagodecompostela.gal\/wp-content\/uploads\/2024\/04\/CLUB-MIRAMONTES.png\",\"contentUrl\":\"https:\/\/espazolecermariamiramontes.santiagodecompostela.gal\/wp-content\/uploads\/2024\/04\/CLUB-MIRAMONTES.png\",\"width\":1748,\"height\":1240},{\"@type\":\"BreadcrumbList\",\"@id\":\"https:\/\/espazolecermariamiramontes.santiagodecompostela.gal\/?page_id=1686#breadcrumb\",\"itemListElement\":[{\"@type\":\"ListItem\",\"position\":1,\"name\":\"Home\",\"item\":\"https:\/\/espazolecermariamiramontes.santiagodecompostela.gal\/\"},{\"@type\":\"ListItem\",\"position\":2,\"name\":\"O CLUB MIRAMONTES\"}]},{\"@type\":\"WebSite\",\"@id\":\"https:\/\/espazolecermariamiramontes.santiagodecompostela.gal\/#website\",\"url\":\"https:\/\/espazolecermariamiramontes.santiagodecompostela.gal\/\",\"name\":\"Espazo de Lecer Mar\u00eda Miramontes\",\"description\":\"Espazo no que se promove a aprendizaxe a trav\u00e9s do xogo\",\"publisher\":{\"@id\":\"https:\/\/espazolecermariamiramontes.santiagodecompostela.gal\/#organization\"},\"potentialAction\":[{\"@type\":\"SearchAction\",\"target\":{\"@type\":\"EntryPoint\",\"urlTemplate\":\"https:\/\/espazolecermariamiramontes.santiagodecompostela.gal\/?s={search_term_string}\"},\"query-input\":{\"@type\":\"PropertyValueSpecification\",\"valueRequired\":true,\"valueName\":\"search_term_string\"}}],\"inLanguage\":\"es\"},{\"@type\":\"Organization\",\"@id\":\"https:\/\/espazolecermariamiramontes.santiagodecompostela.gal\/#organization\",\"name\":\"Espazo de Lecer Mar\u00eda Miramontes\",\"url\":\"https:\/\/espazolecermariamiramontes.santiagodecompostela.gal\/\",\"logo\":{\"@type\":\"ImageObject\",\"inLanguage\":\"es\",\"@id\":\"https:\/\/espazolecermariamiramontes.santiagodecompostela.gal\/#\/schema\/logo\/image\/\",\"url\":\"https:\/\/espazolecermariamiramontes.santiagodecompostela.gal\/wp-content\/uploads\/2021\/09\/logoConcellonegroDE.png\",\"contentUrl\":\"https:\/\/espazolecermariamiramontes.santiagodecompostela.gal\/wp-content\/uploads\/2021\/09\/logoConcellonegroDE.png\",\"width\":613,\"height\":847,\"caption\":\"Espazo de Lecer Mar\u00eda Miramontes\"},\"image\":{\"@id\":\"https:\/\/espazolecermariamiramontes.santiagodecompostela.gal\/#\/schema\/logo\/image\/\"},\"sameAs\":[\"https:\/\/www.facebook.com\/Espazo-de-Lecer-Maria-Miramontes-110522278058870\/\",\"https:\/\/www.instagram.com\/espazodelecermariamiramontes\/\"]}]}<\/script>\n<!-- \/ Yoast SEO plugin. -->","yoast_head_json":{"title":"O CLUB MIRAMONTES - Espazo de Lecer Mar\u00eda Miramontes","robots":{"index":"index","follow":"follow","max-snippet":"max-snippet:-1","max-image-preview":"max-image-preview:large","max-video-preview":"max-video-preview:-1"},"canonical":"https:\/\/espazolecermariamiramontes.santiagodecompostela.gal\/?page_id=1686","og_locale":"en_US","og_type":"article","og_title":"O CLUB MIRAMONTES - Espazo de Lecer Mar\u00eda Miramontes","og_description":"O Club Miramontes \u00e9 unha iniciativa que xorde como idea para que os nenos e nenas leven a cabo diferentes desaf\u00edos para intentar conseguir diversas chapas como premio. Algunhas das actividades que se propo\u00f1en son aportar ao h\u00f3rreo do refugallo, asistir a un s\u00e1bado tem\u00e1tico, propo\u00f1er un xogo ou xoguete novo, facer unha historia ou&hellip; Read more","og_url":"https:\/\/espazolecermariamiramontes.santiagodecompostela.gal\/?page_id=1686","og_site_name":"Espazo de Lecer Mar\u00eda Miramontes","article_publisher":"https:\/\/www.facebook.com\/Espazo-de-Lecer-Maria-Miramontes-110522278058870\/","article_modified_time":"2024-04-11T10:53:11+00:00","og_image":[{"url":"https:\/\/espazolecermariamiramontes.santiagodecompostela.gal\/wp-content\/uploads\/2024\/04\/CLUB-MIRAMONTES.png","type":"","width":"","height":""}],"twitter_card":"summary_large_image","twitter_misc":{"Est. reading time":"1 minuto"},"schema":{"@context":"https:\/\/schema.org","@graph":[{"@type":"WebPage","@id":"https:\/\/espazolecermariamiramontes.santiagodecompostela.gal\/?page_id=1686","url":"https:\/\/espazolecermariamiramontes.santiagodecompostela.gal\/?page_id=1686","name":"O CLUB MIRAMONTES - Espazo de Lecer Mar\u00eda Miramontes","isPartOf":{"@id":"https:\/\/espazolecermariamiramontes.santiagodecompostela.gal\/#website"},"primaryImageOfPage":{"@id":"https:\/\/espazolecermariamiramontes.santiagodecompostela.gal\/?page_id=1686#primaryimage"},"image":{"@id":"https:\/\/espazolecermariamiramontes.santiagodecompostela.gal\/?page_id=1686#primaryimage"},"thumbnailUrl":"https:\/\/espazolecermariamiramontes.santiagodecompostela.gal\/wp-content\/uploads\/2024\/04\/CLUB-MIRAMONTES.png","datePublished":"2024-04-11T10:47:32+00:00","dateModified":"2024-04-11T10:53:11+00:00","breadcrumb":{"@id":"https:\/\/espazolecermariamiramontes.santiagodecompostela.gal\/?page_id=1686#breadcrumb"},"inLanguage":"es","potentialAction":[{"@type":"ReadAction","target":["https:\/\/espazolecermariamiramontes.santiagodecompostela.gal\/?page_id=1686"]}]},{"@type":"ImageObject","inLanguage":"es","@id":"https:\/\/espazolecermariamiramontes.santiagodecompostela.gal\/?page_id=1686#primaryimage","url":"https:\/\/espazolecermariamiramontes.santiagodecompostela.gal\/wp-content\/uploads\/2024\/04\/CLUB-MIRAMONTES.png","contentUrl":"https:\/\/espazolecermariamiramontes.santiagodecompostela.gal\/wp-content\/uploads\/2024\/04\/CLUB-MIRAMONTES.png","width":1748,"height":1240},{"@type":"BreadcrumbList","@id":"https:\/\/espazolecermariamiramontes.santiagodecompostela.gal\/?page_id=1686#breadcrumb","itemListElement":[{"@type":"ListItem","position":1,"name":"Home","item":"https:\/\/espazolecermariamiramontes.santiagodecompostela.gal\/"},{"@type":"ListItem","position":2,"name":"O CLUB MIRAMONTES"}]},{"@type":"WebSite","@id":"https:\/\/espazolecermariamiramontes.santiagodecompostela.gal\/#website","url":"https:\/\/espazolecermariamiramontes.santiagodecompostela.gal\/","name":"Espazo de Lecer Mar\u00eda Miramontes","description":"Espazo no que se promove a aprendizaxe a trav\u00e9s do xogo","publisher":{"@id":"https:\/\/espazolecermariamiramontes.santiagodecompostela.gal\/#organization"},"potentialAction":[{"@type":"SearchAction","target":{"@type":"EntryPoint","urlTemplate":"https:\/\/espazolecermariamiramontes.santiagodecompostela.gal\/?s={search_term_string}"},"query-input":{"@type":"PropertyValueSpecification","valueRequired":true,"valueName":"search_term_string"}}],"inLanguage":"es"},{"@type":"Organization","@id":"https:\/\/espazolecermariamiramontes.santiagodecompostela.gal\/#organization","name":"Espazo de Lecer Mar\u00eda Miramontes","url":"https:\/\/espazolecermariamiramontes.santiagodecompostela.gal\/","logo":{"@type":"ImageObject","inLanguage":"es","@id":"https:\/\/espazolecermariamiramontes.santiagodecompostela.gal\/#\/schema\/logo\/image\/","url":"https:\/\/espazolecermariamiramontes.santiagodecompostela.gal\/wp-content\/uploads\/2021\/09\/logoConcellonegroDE.png","contentUrl":"https:\/\/espazolecermariamiramontes.santiagodecompostela.gal\/wp-content\/uploads\/2021\/09\/logoConcellonegroDE.png","width":613,"height":847,"caption":"Espazo de Lecer Mar\u00eda Miramontes"},"image":{"@id":"https:\/\/espazolecermariamiramontes.santiagodecompostela.gal\/#\/schema\/logo\/image\/"},"sameAs":["https:\/\/www.facebook.com\/Espazo-de-Lecer-Maria-Miramontes-110522278058870\/","https:\/\/www.instagram.com\/espazodelecermariamiramontes\/"]}]}},"_links":{"self":[{"href":"https:\/\/espazolecermariamiramontes.santiagodecompostela.gal\/index.php?rest_route=\/wp\/v2\/pages\/1686","targetHints":{"allow":["GET"]}}],"collection":[{"href":"https:\/\/espazolecermariamiramontes.santiagodecompostela.gal\/index.php?rest_route=\/wp\/v2\/pages"}],"about":[{"href":"https:\/\/espazolecermariamiramontes.santiagodecompostela.gal\/index.php?rest_route=\/wp\/v2\/types\/page"}],"author":[{"embeddable":true,"href":"https:\/\/espazolecermariamiramontes.santiagodecompostela.gal\/index.php?rest_route=\/wp\/v2\/users\/1"}],"replies":[{"embeddable":true,"href":"https:\/\/espazolecermariamiramontes.santiagodecompostela.gal\/index.php?rest_route=%2Fwp%2Fv2%2Fcomments&post=1686"}],"version-history":[{"count":7,"href":"https:\/\/espazolecermariamiramontes.santiagodecompostela.gal\/index.php?rest_route=\/wp\/v2\/pages\/1686\/revisions"}],"predecessor-version":[{"id":1705,"href":"https:\/\/espazolecermariamiramontes.santiagodecompostela.gal\/index.php?rest_route=\/wp\/v2\/pages\/1686\/revisions\/1705"}],"wp:attachment":[{"href":"https:\/\/espazolecermariamiramontes.santiagodecompostela.gal\/index.php?rest_route=%2Fwp%2Fv2%2Fmedia&parent=1686"}],"curies":[{"name":"wp","href":"https:\/\/api.w.org\/{rel}","templated":true}]}}