{"id":1713,"date":"2026-03-02T17:18:00","date_gmt":"2026-03-02T16:18:00","guid":{"rendered":"https:\/\/espazolecermariamiramontes.santiagodecompostela.gal\/?page_id=1713"},"modified":"2026-04-13T16:09:18","modified_gmt":"2026-04-13T15:09:18","slug":"sabados-tematicos","status":"publish","type":"page","link":"https:\/\/espazolecermariamiramontes.santiagodecompostela.gal\/?page_id=1713","title":{"rendered":"S\u00e1bados tem\u00e1ticos"},"content":{"rendered":"\n<p>Os s\u00e1bados, o Espazo de Lecer Mar\u00eda Miramontes abrir\u00e1 as s\u00faas portas aos&nbsp;<strong>nenos e nenas&nbsp;<\/strong>da cidade de Santiago de Compostela con idades comprendidas entre os 2 e os 12 anos de idade, acompa\u00f1ados das s\u00faas <strong>familias<\/strong>.<\/p>\n\n\n\n<p>Os S\u00e1bados Tem\u00e1ticos son xornadas de lecer familiar, nas que se desenvolven actividades, obradoiros e festas tematizadas segundo a \u00e9poca do ano, como son o <em>Magosto<\/em>, o <em>Desfile de Entroido<\/em>, a <em>Festa de Sama\u00edn<\/em> e a <em>Benvida ao Nadal.<\/em><\/p>\n\n\n\n<p>Ademais, tam\u00e9n se levan a cabo celebraci\u00f3ns m\u00e1is concretas como o <em>Ludocinema, Ludochef, Feir\u00f3n de Troco, Merenda Tremenda<\/em>, <em>Furor Furor<\/em> e o d\u00eda d<em>e Mar\u00eda Miramontes.<\/em><\/p>\n\n\n\n<p>A inscrici\u00f3n para os s\u00e1bados tem\u00e1ticos <strong>abre sempre o luns previo<\/strong> \u00e1 data de celebraci\u00f3n <strong>\u00e1s 16:00h<\/strong>.<\/p>\n\n\n\n<figure class=\"wp-block-image size-large\"><img loading=\"lazy\" decoding=\"async\" width=\"1024\" height=\"1024\" src=\"https:\/\/espazolecermariamiramontes.santiagodecompostela.gal\/wp-content\/uploads\/2026\/04\/SABADOS-TEMATICOS-CURSO-2526-1024x1024.jpg\" alt=\"\" class=\"wp-image-2415\" srcset=\"https:\/\/espazolecermariamiramontes.santiagodecompostela.gal\/wp-content\/uploads\/2026\/04\/SABADOS-TEMATICOS-CURSO-2526-1024x1024.jpg 1024w, https:\/\/espazolecermariamiramontes.santiagodecompostela.gal\/wp-content\/uploads\/2026\/04\/SABADOS-TEMATICOS-CURSO-2526-300x300.jpg 300w, https:\/\/espazolecermariamiramontes.santiagodecompostela.gal\/wp-content\/uploads\/2026\/04\/SABADOS-TEMATICOS-CURSO-2526-150x150.jpg 150w, https:\/\/espazolecermariamiramontes.santiagodecompostela.gal\/wp-content\/uploads\/2026\/04\/SABADOS-TEMATICOS-CURSO-2526-768x768.jpg 768w, https:\/\/espazolecermariamiramontes.santiagodecompostela.gal\/wp-content\/uploads\/2026\/04\/SABADOS-TEMATICOS-CURSO-2526.jpg 1080w\" sizes=\"auto, (max-width: 1024px) 100vw, 1024px\" \/><\/figure>\n\n\n\n<hr class=\"wp-block-separator has-alpha-channel-opacity\"\/>\n\n\n\n<div class=\"wp-block-group\"><div class=\"wp-block-group__inner-container is-layout-constrained wp-block-group-is-layout-constrained\">\n<div class=\"wp-block-group\"><div class=\"wp-block-group__inner-container is-layout-constrained wp-block-group-is-layout-constrained\">\n<div class=\"wp-block-group\"><div class=\"wp-block-group__inner-container is-layout-constrained wp-block-group-is-layout-constrained\">\n<div class=\"wp-block-group\"><div class=\"wp-block-group__inner-container is-layout-constrained wp-block-group-is-layout-constrained\">\n<div class=\"wp-block-group\"><div class=\"wp-block-group__inner-container is-layout-constrained wp-block-group-is-layout-constrained\">\n<div class=\"wp-block-group\"><div class=\"wp-block-group__inner-container is-layout-constrained wp-block-group-is-layout-constrained\">\n<div class=\"wp-block-columns are-vertically-aligned-center is-layout-flex wp-container-core-columns-is-layout-9d6595d7 wp-block-columns-is-layout-flex\">\n<div class=\"wp-block-column is-vertically-aligned-center is-layout-flow wp-block-column-is-layout-flow\" style=\"flex-basis:100%\">\n<div class=\"wp-block-group is-nowrap is-layout-flex wp-container-core-group-is-layout-ad2f72ca wp-block-group-is-layout-flex\">\n<figure class=\"wp-block-image size-full is-resized\"><img loading=\"lazy\" decoding=\"async\" width=\"4624\" height=\"3472\" src=\"https:\/\/espazolecermariamiramontes.santiagodecompostela.gal\/wp-content\/uploads\/2024\/04\/SABADO-TEMATICO-2-1.jpg\" alt=\"\" class=\"wp-image-1725\" style=\"width:315px;height:auto\"\/><\/figure>\n\n\n\n<figure class=\"wp-block-image size-full is-resized\"><img loading=\"lazy\" decoding=\"async\" width=\"4624\" height=\"3472\" src=\"https:\/\/espazolecermariamiramontes.santiagodecompostela.gal\/wp-content\/uploads\/2024\/04\/SABADO-TEMATICO-7.jpg\" alt=\"\" class=\"wp-image-1730\" style=\"width:557px;height:auto\"\/><\/figure>\n<\/div>\n<\/div>\n<\/div>\n<\/div><\/div>\n<\/div><\/div>\n<\/div><\/div>\n<\/div><\/div>\n<\/div><\/div>\n<\/div><\/div>\n\n\n\n<div class=\"wp-block-group is-nowrap is-layout-flex wp-container-core-group-is-layout-ad2f72ca wp-block-group-is-layout-flex\">\n<figure class=\"wp-block-image size-full is-resized\"><img loading=\"lazy\" decoding=\"async\" width=\"1024\" height=\"768\" src=\"https:\/\/espazolecermariamiramontes.santiagodecompostela.gal\/wp-content\/uploads\/2024\/04\/SABADO-TEMATICO-5-2.jpg\" alt=\"\" class=\"wp-image-1731\" style=\"width:289px;height:auto\"\/><\/figure>\n\n\n\n<figure class=\"wp-block-image size-full is-resized\"><img loading=\"lazy\" decoding=\"async\" width=\"1024\" height=\"768\" src=\"https:\/\/espazolecermariamiramontes.santiagodecompostela.gal\/wp-content\/uploads\/2024\/04\/SABADO-TEMATICO-4-2.jpg\" alt=\"\" class=\"wp-image-1732\" style=\"width:293px;height:auto\"\/><\/figure>\n\n\n\n<figure class=\"wp-block-image size-full is-resized\"><img loading=\"lazy\" decoding=\"async\" width=\"1115\" height=\"837\" src=\"https:\/\/espazolecermariamiramontes.santiagodecompostela.gal\/wp-content\/uploads\/2024\/04\/SABADO-TEMATICO-3-2.png\" alt=\"\" class=\"wp-image-1733\" style=\"width:291px;height:auto\"\/><\/figure>\n<\/div>\n\n\n\n<div class=\"wp-block-group\"><div class=\"wp-block-group__inner-container is-layout-constrained wp-block-group-is-layout-constrained\">\n<figure class=\"wp-block-image size-full is-resized\"><img loading=\"lazy\" decoding=\"async\" width=\"2048\" height=\"921\" src=\"https:\/\/espazolecermariamiramontes.santiagodecompostela.gal\/wp-content\/uploads\/2024\/04\/SABADO-TEMATICO-6-2.jpg\" alt=\"\" class=\"wp-image-1734\" style=\"width:891px;height:auto\"\/><\/figure>\n\n\n\n<p><\/p>\n<\/div><\/div>\n","protected":false},"excerpt":{"rendered":"<p>Os s\u00e1bados, o Espazo de Lecer Mar\u00eda Miramontes abrir\u00e1 as s\u00faas portas aos&nbsp;nenos e nenas&nbsp;da cidade de Santiago de Compostela con idades comprendidas entre os 2 e os 12 anos de idade, acompa\u00f1ados das s\u00faas familias. Os S\u00e1bados Tem\u00e1ticos son xornadas de lecer familiar, nas que se desenvolven actividades, obradoiros e festas tematizadas segundo a&hellip; <br \/> <a class=\"button small blue\" href=\"https:\/\/espazolecermariamiramontes.santiagodecompostela.gal\/?page_id=1713\">Read more<\/a><\/p>\n","protected":false},"author":1,"featured_media":0,"parent":0,"menu_order":0,"comment_status":"closed","ping_status":"closed","template":"","meta":{"pgc_sgb_lightbox_settings":"","footnotes":""},"class_list":["post-1713","page","type-page","status-publish","hentry"],"yoast_head":"<!-- This site is optimized with the Yoast SEO plugin v26.3 - https:\/\/yoast.com\/wordpress\/plugins\/seo\/ -->\n<title>S\u00e1bados tem\u00e1ticos - Espazo de Lecer Mar\u00eda Miramontes<\/title>\n<meta name=\"robots\" content=\"index, follow, max-snippet:-1, max-image-preview:large, max-video-preview:-1\" \/>\n<link rel=\"canonical\" href=\"https:\/\/espazolecermariamiramontes.santiagodecompostela.gal\/?page_id=1713\" \/>\n<meta property=\"og:locale\" content=\"en_US\" \/>\n<meta property=\"og:type\" content=\"article\" \/>\n<meta property=\"og:title\" content=\"S\u00e1bados tem\u00e1ticos - Espazo de Lecer Mar\u00eda Miramontes\" \/>\n<meta property=\"og:description\" content=\"Os s\u00e1bados, o Espazo de Lecer Mar\u00eda Miramontes abrir\u00e1 as s\u00faas portas aos&nbsp;nenos e nenas&nbsp;da cidade de Santiago de Compostela con idades comprendidas entre os 2 e os 12 anos de idade, acompa\u00f1ados das s\u00faas familias. Os S\u00e1bados Tem\u00e1ticos son xornadas de lecer familiar, nas que se desenvolven actividades, obradoiros e festas tematizadas segundo a&hellip; Read more\" \/>\n<meta property=\"og:url\" content=\"https:\/\/espazolecermariamiramontes.santiagodecompostela.gal\/?page_id=1713\" \/>\n<meta property=\"og:site_name\" content=\"Espazo de Lecer Mar\u00eda Miramontes\" \/>\n<meta property=\"article:publisher\" content=\"https:\/\/www.facebook.com\/Espazo-de-Lecer-Maria-Miramontes-110522278058870\/\" \/>\n<meta property=\"article:modified_time\" content=\"2026-04-13T15:09:18+00:00\" \/>\n<meta property=\"og:image\" content=\"https:\/\/espazolecermariamiramontes.santiagodecompostela.gal\/wp-content\/uploads\/2026\/04\/SABADOS-TEMATICOS-CURSO-2526.jpg\" \/>\n\t<meta property=\"og:image:width\" content=\"1080\" \/>\n\t<meta property=\"og:image:height\" content=\"1080\" \/>\n\t<meta property=\"og:image:type\" content=\"image\/jpeg\" \/>\n<meta name=\"twitter:card\" content=\"summary_large_image\" \/>\n<meta name=\"twitter:label1\" content=\"Est. reading time\" \/>\n\t<meta name=\"twitter:data1\" content=\"1 minuto\" \/>\n<script type=\"application\/ld+json\" class=\"yoast-schema-graph\">{\"@context\":\"https:\/\/schema.org\",\"@graph\":[{\"@type\":\"WebPage\",\"@id\":\"https:\/\/espazolecermariamiramontes.santiagodecompostela.gal\/?page_id=1713\",\"url\":\"https:\/\/espazolecermariamiramontes.santiagodecompostela.gal\/?page_id=1713\",\"name\":\"S\u00e1bados tem\u00e1ticos - Espazo de Lecer Mar\u00eda Miramontes\",\"isPartOf\":{\"@id\":\"https:\/\/espazolecermariamiramontes.santiagodecompostela.gal\/#website\"},\"primaryImageOfPage\":{\"@id\":\"https:\/\/espazolecermariamiramontes.santiagodecompostela.gal\/?page_id=1713#primaryimage\"},\"image\":{\"@id\":\"https:\/\/espazolecermariamiramontes.santiagodecompostela.gal\/?page_id=1713#primaryimage\"},\"thumbnailUrl\":\"https:\/\/espazolecermariamiramontes.santiagodecompostela.gal\/wp-content\/uploads\/2026\/04\/SABADOS-TEMATICOS-CURSO-2526-1024x1024.jpg\",\"datePublished\":\"2026-03-02T16:18:00+00:00\",\"dateModified\":\"2026-04-13T15:09:18+00:00\",\"breadcrumb\":{\"@id\":\"https:\/\/espazolecermariamiramontes.santiagodecompostela.gal\/?page_id=1713#breadcrumb\"},\"inLanguage\":\"es\",\"potentialAction\":[{\"@type\":\"ReadAction\",\"target\":[\"https:\/\/espazolecermariamiramontes.santiagodecompostela.gal\/?page_id=1713\"]}]},{\"@type\":\"ImageObject\",\"inLanguage\":\"es\",\"@id\":\"https:\/\/espazolecermariamiramontes.santiagodecompostela.gal\/?page_id=1713#primaryimage\",\"url\":\"https:\/\/espazolecermariamiramontes.santiagodecompostela.gal\/wp-content\/uploads\/2026\/04\/SABADOS-TEMATICOS-CURSO-2526.jpg\",\"contentUrl\":\"https:\/\/espazolecermariamiramontes.santiagodecompostela.gal\/wp-content\/uploads\/2026\/04\/SABADOS-TEMATICOS-CURSO-2526.jpg\",\"width\":1080,\"height\":1080},{\"@type\":\"BreadcrumbList\",\"@id\":\"https:\/\/espazolecermariamiramontes.santiagodecompostela.gal\/?page_id=1713#breadcrumb\",\"itemListElement\":[{\"@type\":\"ListItem\",\"position\":1,\"name\":\"Home\",\"item\":\"https:\/\/espazolecermariamiramontes.santiagodecompostela.gal\/\"},{\"@type\":\"ListItem\",\"position\":2,\"name\":\"S\u00e1bados tem\u00e1ticos\"}]},{\"@type\":\"WebSite\",\"@id\":\"https:\/\/espazolecermariamiramontes.santiagodecompostela.gal\/#website\",\"url\":\"https:\/\/espazolecermariamiramontes.santiagodecompostela.gal\/\",\"name\":\"Espazo de Lecer Mar\u00eda Miramontes\",\"description\":\"Espazo no que se promove a aprendizaxe a trav\u00e9s do xogo\",\"publisher\":{\"@id\":\"https:\/\/espazolecermariamiramontes.santiagodecompostela.gal\/#organization\"},\"potentialAction\":[{\"@type\":\"SearchAction\",\"target\":{\"@type\":\"EntryPoint\",\"urlTemplate\":\"https:\/\/espazolecermariamiramontes.santiagodecompostela.gal\/?s={search_term_string}\"},\"query-input\":{\"@type\":\"PropertyValueSpecification\",\"valueRequired\":true,\"valueName\":\"search_term_string\"}}],\"inLanguage\":\"es\"},{\"@type\":\"Organization\",\"@id\":\"https:\/\/espazolecermariamiramontes.santiagodecompostela.gal\/#organization\",\"name\":\"Espazo de Lecer Mar\u00eda Miramontes\",\"url\":\"https:\/\/espazolecermariamiramontes.santiagodecompostela.gal\/\",\"logo\":{\"@type\":\"ImageObject\",\"inLanguage\":\"es\",\"@id\":\"https:\/\/espazolecermariamiramontes.santiagodecompostela.gal\/#\/schema\/logo\/image\/\",\"url\":\"https:\/\/espazolecermariamiramontes.santiagodecompostela.gal\/wp-content\/uploads\/2021\/09\/logoConcellonegroDE.png\",\"contentUrl\":\"https:\/\/espazolecermariamiramontes.santiagodecompostela.gal\/wp-content\/uploads\/2021\/09\/logoConcellonegroDE.png\",\"width\":613,\"height\":847,\"caption\":\"Espazo de Lecer Mar\u00eda Miramontes\"},\"image\":{\"@id\":\"https:\/\/espazolecermariamiramontes.santiagodecompostela.gal\/#\/schema\/logo\/image\/\"},\"sameAs\":[\"https:\/\/www.facebook.com\/Espazo-de-Lecer-Maria-Miramontes-110522278058870\/\",\"https:\/\/www.instagram.com\/espazodelecermariamiramontes\/\"]}]}<\/script>\n<!-- \/ Yoast SEO plugin. -->","yoast_head_json":{"title":"S\u00e1bados tem\u00e1ticos - Espazo de Lecer Mar\u00eda Miramontes","robots":{"index":"index","follow":"follow","max-snippet":"max-snippet:-1","max-image-preview":"max-image-preview:large","max-video-preview":"max-video-preview:-1"},"canonical":"https:\/\/espazolecermariamiramontes.santiagodecompostela.gal\/?page_id=1713","og_locale":"en_US","og_type":"article","og_title":"S\u00e1bados tem\u00e1ticos - Espazo de Lecer Mar\u00eda Miramontes","og_description":"Os s\u00e1bados, o Espazo de Lecer Mar\u00eda Miramontes abrir\u00e1 as s\u00faas portas aos&nbsp;nenos e nenas&nbsp;da cidade de Santiago de Compostela con idades comprendidas entre os 2 e os 12 anos de idade, acompa\u00f1ados das s\u00faas familias. Os S\u00e1bados Tem\u00e1ticos son xornadas de lecer familiar, nas que se desenvolven actividades, obradoiros e festas tematizadas segundo a&hellip; Read more","og_url":"https:\/\/espazolecermariamiramontes.santiagodecompostela.gal\/?page_id=1713","og_site_name":"Espazo de Lecer Mar\u00eda Miramontes","article_publisher":"https:\/\/www.facebook.com\/Espazo-de-Lecer-Maria-Miramontes-110522278058870\/","article_modified_time":"2026-04-13T15:09:18+00:00","og_image":[{"width":1080,"height":1080,"url":"https:\/\/espazolecermariamiramontes.santiagodecompostela.gal\/wp-content\/uploads\/2026\/04\/SABADOS-TEMATICOS-CURSO-2526.jpg","type":"image\/jpeg"}],"twitter_card":"summary_large_image","twitter_misc":{"Est. reading time":"1 minuto"},"schema":{"@context":"https:\/\/schema.org","@graph":[{"@type":"WebPage","@id":"https:\/\/espazolecermariamiramontes.santiagodecompostela.gal\/?page_id=1713","url":"https:\/\/espazolecermariamiramontes.santiagodecompostela.gal\/?page_id=1713","name":"S\u00e1bados tem\u00e1ticos - Espazo de Lecer Mar\u00eda Miramontes","isPartOf":{"@id":"https:\/\/espazolecermariamiramontes.santiagodecompostela.gal\/#website"},"primaryImageOfPage":{"@id":"https:\/\/espazolecermariamiramontes.santiagodecompostela.gal\/?page_id=1713#primaryimage"},"image":{"@id":"https:\/\/espazolecermariamiramontes.santiagodecompostela.gal\/?page_id=1713#primaryimage"},"thumbnailUrl":"https:\/\/espazolecermariamiramontes.santiagodecompostela.gal\/wp-content\/uploads\/2026\/04\/SABADOS-TEMATICOS-CURSO-2526-1024x1024.jpg","datePublished":"2026-03-02T16:18:00+00:00","dateModified":"2026-04-13T15:09:18+00:00","breadcrumb":{"@id":"https:\/\/espazolecermariamiramontes.santiagodecompostela.gal\/?page_id=1713#breadcrumb"},"inLanguage":"es","potentialAction":[{"@type":"ReadAction","target":["https:\/\/espazolecermariamiramontes.santiagodecompostela.gal\/?page_id=1713"]}]},{"@type":"ImageObject","inLanguage":"es","@id":"https:\/\/espazolecermariamiramontes.santiagodecompostela.gal\/?page_id=1713#primaryimage","url":"https:\/\/espazolecermariamiramontes.santiagodecompostela.gal\/wp-content\/uploads\/2026\/04\/SABADOS-TEMATICOS-CURSO-2526.jpg","contentUrl":"https:\/\/espazolecermariamiramontes.santiagodecompostela.gal\/wp-content\/uploads\/2026\/04\/SABADOS-TEMATICOS-CURSO-2526.jpg","width":1080,"height":1080},{"@type":"BreadcrumbList","@id":"https:\/\/espazolecermariamiramontes.santiagodecompostela.gal\/?page_id=1713#breadcrumb","itemListElement":[{"@type":"ListItem","position":1,"name":"Home","item":"https:\/\/espazolecermariamiramontes.santiagodecompostela.gal\/"},{"@type":"ListItem","position":2,"name":"S\u00e1bados tem\u00e1ticos"}]},{"@type":"WebSite","@id":"https:\/\/espazolecermariamiramontes.santiagodecompostela.gal\/#website","url":"https:\/\/espazolecermariamiramontes.santiagodecompostela.gal\/","name":"Espazo de Lecer Mar\u00eda Miramontes","description":"Espazo no que se promove a aprendizaxe a trav\u00e9s do xogo","publisher":{"@id":"https:\/\/espazolecermariamiramontes.santiagodecompostela.gal\/#organization"},"potentialAction":[{"@type":"SearchAction","target":{"@type":"EntryPoint","urlTemplate":"https:\/\/espazolecermariamiramontes.santiagodecompostela.gal\/?s={search_term_string}"},"query-input":{"@type":"PropertyValueSpecification","valueRequired":true,"valueName":"search_term_string"}}],"inLanguage":"es"},{"@type":"Organization","@id":"https:\/\/espazolecermariamiramontes.santiagodecompostela.gal\/#organization","name":"Espazo de Lecer Mar\u00eda Miramontes","url":"https:\/\/espazolecermariamiramontes.santiagodecompostela.gal\/","logo":{"@type":"ImageObject","inLanguage":"es","@id":"https:\/\/espazolecermariamiramontes.santiagodecompostela.gal\/#\/schema\/logo\/image\/","url":"https:\/\/espazolecermariamiramontes.santiagodecompostela.gal\/wp-content\/uploads\/2021\/09\/logoConcellonegroDE.png","contentUrl":"https:\/\/espazolecermariamiramontes.santiagodecompostela.gal\/wp-content\/uploads\/2021\/09\/logoConcellonegroDE.png","width":613,"height":847,"caption":"Espazo de Lecer Mar\u00eda Miramontes"},"image":{"@id":"https:\/\/espazolecermariamiramontes.santiagodecompostela.gal\/#\/schema\/logo\/image\/"},"sameAs":["https:\/\/www.facebook.com\/Espazo-de-Lecer-Maria-Miramontes-110522278058870\/","https:\/\/www.instagram.com\/espazodelecermariamiramontes\/"]}]}},"_links":{"self":[{"href":"https:\/\/espazolecermariamiramontes.santiagodecompostela.gal\/index.php?rest_route=\/wp\/v2\/pages\/1713","targetHints":{"allow":["GET"]}}],"collection":[{"href":"https:\/\/espazolecermariamiramontes.santiagodecompostela.gal\/index.php?rest_route=\/wp\/v2\/pages"}],"about":[{"href":"https:\/\/espazolecermariamiramontes.santiagodecompostela.gal\/index.php?rest_route=\/wp\/v2\/types\/page"}],"author":[{"embeddable":true,"href":"https:\/\/espazolecermariamiramontes.santiagodecompostela.gal\/index.php?rest_route=\/wp\/v2\/users\/1"}],"replies":[{"embeddable":true,"href":"https:\/\/espazolecermariamiramontes.santiagodecompostela.gal\/index.php?rest_route=%2Fwp%2Fv2%2Fcomments&post=1713"}],"version-history":[{"count":115,"href":"https:\/\/espazolecermariamiramontes.santiagodecompostela.gal\/index.php?rest_route=\/wp\/v2\/pages\/1713\/revisions"}],"predecessor-version":[{"id":2424,"href":"https:\/\/espazolecermariamiramontes.santiagodecompostela.gal\/index.php?rest_route=\/wp\/v2\/pages\/1713\/revisions\/2424"}],"wp:attachment":[{"href":"https:\/\/espazolecermariamiramontes.santiagodecompostela.gal\/index.php?rest_route=%2Fwp%2Fv2%2Fmedia&parent=1713"}],"curies":[{"name":"wp","href":"https:\/\/api.w.org\/{rel}","templated":true}]}}