{"id":22,"date":"2021-09-16T11:23:14","date_gmt":"2021-09-16T11:23:14","guid":{"rendered":"https:\/\/espazolecermariamiramontes.santiagodecompostela.gal\/?page_id=22"},"modified":"2023-09-18T18:03:18","modified_gmt":"2023-09-18T18:03:18","slug":"quenes-somos","status":"publish","type":"page","link":"https:\/\/espazolecermariamiramontes.santiagodecompostela.gal\/?page_id=22","title":{"rendered":"O Espazo"},"content":{"rendered":"\n<p class=\"has-text-align-left\">O Espazo Educativo e de Lecer Mar\u00eda Miramontes (Ludoteca das Fonti\u00f1as) est\u00e1 situada na r\u00faa das Fontes do Sar 3, en Santiago de Compostela. Conta cunha superficie total constru\u00edda de 1.080,50m2 e unha superficie \u00fatil de 730,63 m2, dividida en dous andares.<\/p>\n\n\n\n<p>Este equipamento municipal est\u00e1 concibido para acoller espazos de xogo libre, espont\u00e1neo e creativo e tam\u00e9n dirixido, co obxecto de proporcionar aos nenos e nenas con idades comprendidas entre os 2 e os 12 anos espazos acondicionados para o xogo, posibilidades de relacionarse, acceso a xogos e xoguetes e outros materiais l\u00fadicos, animaci\u00f3n \u00e1 lectura, promoci\u00f3n do libro e todas aquelas propostas que favorezan, ademais, a conciliaci\u00f3n da vida persoal, laboral e familiar. Tam\u00e9n est\u00e1 dispo\u00f1ible como recurso educativo especializado para a utilizaci\u00f3n, en horario lectivo, polos centros de ensino do municipio de Santiago de Compostela.<\/p>\n\n\n\n<p>Ten unha finalidade l\u00fadica, socioeducativa, c\u00edvica, cultural e inclusiva, cun proxecto cuxo obxectivo principal \u00e9 garantir o dereito dos nenos e nenas ao xogo e colaborar, as\u00ed, no desenvolvemento integral da persoa. Para isto conta cun fondo organizado de xogos, xoguetes, libros e outros elementos l\u00fadicos adecuados \u00e1 s\u00faa idade, incl\u00fae espazos psicomotrices, \u00e1reas de xogo simb\u00f3licas e tam\u00e9n xogos multimedia.<\/p>\n\n\n\n<div class=\"wp-block-columns is-layout-flex wp-container-core-columns-is-layout-9d6595d7 wp-block-columns-is-layout-flex\">\n<div class=\"wp-block-column is-layout-flow wp-block-column-is-layout-flow\" style=\"flex-basis:50%\">\n<div class=\"wp-block-group\"><div class=\"wp-block-group__inner-container is-layout-constrained wp-block-group-is-layout-constrained\">\n<figure class=\"wp-block-gallery has-nested-images columns-default is-cropped wp-block-gallery-1 is-layout-flex wp-block-gallery-is-layout-flex\">\n<figure class=\"wp-block-image size-full is-style-default\"><img loading=\"lazy\" decoding=\"async\" width=\"3024\" height=\"4032\" data-id=\"1370\" src=\"https:\/\/espazolecermariamiramontes.santiagodecompostela.gal\/wp-content\/uploads\/2023\/09\/image00009-min.jpeg\" alt=\"\" class=\"wp-image-1370\"\/><\/figure>\n<\/figure>\n<\/div><\/div>\n<\/div>\n\n\n\n<div class=\"wp-block-column is-layout-flow wp-block-column-is-layout-flow\" style=\"flex-basis:50%\">\n<figure class=\"wp-block-gallery has-nested-images columns-default is-cropped wp-block-gallery-2 is-layout-flex wp-block-gallery-is-layout-flex\">\n<figure class=\"wp-block-image size-large\"><img loading=\"lazy\" decoding=\"async\" width=\"3024\" height=\"4032\" data-id=\"1371\" src=\"https:\/\/espazolecermariamiramontes.santiagodecompostela.gal\/wp-content\/uploads\/2023\/09\/image00001-min.jpeg\" alt=\"\" class=\"wp-image-1371\"\/><\/figure>\n<\/figure>\n<\/div>\n<\/div>\n\n\n\n<p><strong>OBXECTIVOS<\/strong><\/p>\n\n\n\n<ul class=\"wp-block-list\">\n<li>Ofrecer un espazo axeitado para o xogo, favorecedor do desenvolvemento psicomotor, cognitivo, cr\u00edtico, creativo e afectivo do\/a neno\/a.<\/li>\n\n\n\n<li>Favorecer unha relaci\u00f3n distinta co obxecto l\u00fadico, a trav\u00e9s da manipulaci\u00f3n, recreando o seu uso, a trav\u00e9s dun proceso globalizador de invenci\u00f3n, construci\u00f3n, reparaci\u00f3n e transformaci\u00f3n.<\/li>\n\n\n\n<li>Fomentar todo tipo de iniciativas e actividades arredor da promoci\u00f3n do libro e da animaci\u00f3n \u00e1 lectura.<\/li>\n\n\n\n<li>Colaborar moi especialmente na promoci\u00f3n da lingua galega, do xogo popular e tradicional, na animaci\u00f3n \u00e1 lectura e na recuperaci\u00f3n de xogos e xoguetes que te\u00f1an que ver co noso acervo cultural propio.<\/li>\n\n\n\n<li>Facilitar a conciliaci\u00f3n familiar.<\/li>\n<\/ul>\n\n\n\n<p><strong>POBOACI\u00d3N DESTINATARIA<\/strong><\/p>\n\n\n\n<p>1.- Nenos e nenas empadroados ou que estean matriculados nun centro de ensino no municipio de Santiago de Compostela.<\/p>\n\n\n\n<ul class=\"wp-block-list\">\n<li><strong>Bebeteca<\/strong>: de 2 a 3 anos, cos dous anos cumpridos no momento da inscrici\u00f3n.<\/li>\n<\/ul>\n\n\n\n<ul class=\"wp-block-list\">\n<li><strong>Pequeteca<\/strong>: de 4 a 6 anos<\/li>\n<\/ul>\n\n\n\n<ul class=\"wp-block-list\">\n<li><strong>Maiorteca:<\/strong> de 7 a 12 anos (ata o d\u00eda previo a cumprir 13)<\/li>\n<\/ul>\n\n\n\n<p>2.- Centros de ensino de educaci\u00f3n infantil e primaria.<\/p>\n\n\n\n<p>3.- Outras entidades do territorio (Centros de Formaci\u00f3n Profesional, Universidades&#8230;)<\/p>\n\n\n\n<p><strong>CAPACIDADE<\/strong><\/p>\n\n\n\n<p>As instalaci\u00f3ns te\u00f1en unha capacidade m\u00e1xima de 73 prazas en presenza simult\u00e1nea.<\/p>\n\n\n\n<div class=\"wp-block-columns is-layout-flex wp-container-core-columns-is-layout-9d6595d7 wp-block-columns-is-layout-flex\">\n<div class=\"wp-block-column is-layout-flow wp-block-column-is-layout-flow\" style=\"flex-basis:100%\">\n<figure class=\"wp-block-table\"><table><tbody><tr><td><strong>Grupos<\/strong><\/td><td><strong>Capacidade m\u00e1xima<\/strong><\/td><\/tr><tr><td>2*-3** anos<\/td><td>20 <\/td><\/tr><tr><td>3-6 anos<\/td><td>30 <\/td><\/tr><tr><td>6-12 anos<\/td><td>23<\/td><\/tr><\/tbody><\/table><figcaption class=\"wp-element-caption\"><sub>*nenos e nenas de 2 anos acompa\u00f1ados dun dos seus titores legais.<br>*nos per\u00edodos non lectivos o servizo ofertar\u00e1se a partir de 3 anos.<\/sub><br><\/figcaption><\/figure>\n<\/div>\n<\/div>\n","protected":false},"excerpt":{"rendered":"<p>O Espazo Educativo e de Lecer Mar\u00eda Miramontes (Ludoteca das Fonti\u00f1as) est\u00e1 situada na r\u00faa das Fontes do Sar 3, en Santiago de Compostela. Conta cunha superficie total constru\u00edda de 1.080,50m2 e unha superficie \u00fatil de 730,63 m2, dividida en dous andares. Este equipamento municipal est\u00e1 concibido para acoller espazos de xogo libre, espont\u00e1neo e&hellip; <br \/> <a class=\"button small blue\" href=\"https:\/\/espazolecermariamiramontes.santiagodecompostela.gal\/?page_id=22\">Read more<\/a><\/p>\n","protected":false},"author":1,"featured_media":0,"parent":0,"menu_order":0,"comment_status":"closed","ping_status":"closed","template":"","meta":{"pgc_sgb_lightbox_settings":"","footnotes":""},"class_list":["post-22","page","type-page","status-publish","hentry"],"yoast_head":"<!-- This site is optimized with the Yoast SEO plugin v26.3 - https:\/\/yoast.com\/wordpress\/plugins\/seo\/ -->\n<title>O Espazo - Espazo de Lecer Mar\u00eda Miramontes<\/title>\n<meta name=\"robots\" content=\"index, follow, max-snippet:-1, max-image-preview:large, max-video-preview:-1\" \/>\n<link rel=\"canonical\" href=\"https:\/\/espazolecermariamiramontes.santiagodecompostela.gal\/?page_id=22\" \/>\n<meta property=\"og:locale\" content=\"en_US\" \/>\n<meta property=\"og:type\" content=\"article\" \/>\n<meta property=\"og:title\" content=\"O Espazo - Espazo de Lecer Mar\u00eda Miramontes\" \/>\n<meta property=\"og:description\" content=\"O Espazo Educativo e de Lecer Mar\u00eda Miramontes (Ludoteca das Fonti\u00f1as) est\u00e1 situada na r\u00faa das Fontes do Sar 3, en Santiago de Compostela. Conta cunha superficie total constru\u00edda de 1.080,50m2 e unha superficie \u00fatil de 730,63 m2, dividida en dous andares. Este equipamento municipal est\u00e1 concibido para acoller espazos de xogo libre, espont\u00e1neo e&hellip; Read more\" \/>\n<meta property=\"og:url\" content=\"https:\/\/espazolecermariamiramontes.santiagodecompostela.gal\/?page_id=22\" \/>\n<meta property=\"og:site_name\" content=\"Espazo de Lecer Mar\u00eda Miramontes\" \/>\n<meta property=\"article:publisher\" content=\"https:\/\/www.facebook.com\/Espazo-de-Lecer-Maria-Miramontes-110522278058870\/\" \/>\n<meta property=\"article:modified_time\" content=\"2023-09-18T18:03:18+00:00\" \/>\n<meta property=\"og:image\" content=\"https:\/\/espazolecermariamiramontes.santiagodecompostela.gal\/wp-content\/uploads\/2023\/09\/image00009-min.jpeg\" \/>\n<meta name=\"twitter:card\" content=\"summary_large_image\" \/>\n<meta name=\"twitter:label1\" content=\"Est. reading time\" \/>\n\t<meta name=\"twitter:data1\" content=\"2 minutos\" \/>\n<script type=\"application\/ld+json\" class=\"yoast-schema-graph\">{\"@context\":\"https:\/\/schema.org\",\"@graph\":[{\"@type\":\"WebPage\",\"@id\":\"https:\/\/espazolecermariamiramontes.santiagodecompostela.gal\/?page_id=22\",\"url\":\"https:\/\/espazolecermariamiramontes.santiagodecompostela.gal\/?page_id=22\",\"name\":\"O Espazo - Espazo de Lecer Mar\u00eda Miramontes\",\"isPartOf\":{\"@id\":\"https:\/\/espazolecermariamiramontes.santiagodecompostela.gal\/#website\"},\"primaryImageOfPage\":{\"@id\":\"https:\/\/espazolecermariamiramontes.santiagodecompostela.gal\/?page_id=22#primaryimage\"},\"image\":{\"@id\":\"https:\/\/espazolecermariamiramontes.santiagodecompostela.gal\/?page_id=22#primaryimage\"},\"thumbnailUrl\":\"https:\/\/espazolecermariamiramontes.santiagodecompostela.gal\/wp-content\/uploads\/2023\/09\/image00009-min.jpeg\",\"datePublished\":\"2021-09-16T11:23:14+00:00\",\"dateModified\":\"2023-09-18T18:03:18+00:00\",\"breadcrumb\":{\"@id\":\"https:\/\/espazolecermariamiramontes.santiagodecompostela.gal\/?page_id=22#breadcrumb\"},\"inLanguage\":\"es\",\"potentialAction\":[{\"@type\":\"ReadAction\",\"target\":[\"https:\/\/espazolecermariamiramontes.santiagodecompostela.gal\/?page_id=22\"]}]},{\"@type\":\"ImageObject\",\"inLanguage\":\"es\",\"@id\":\"https:\/\/espazolecermariamiramontes.santiagodecompostela.gal\/?page_id=22#primaryimage\",\"url\":\"https:\/\/espazolecermariamiramontes.santiagodecompostela.gal\/wp-content\/uploads\/2023\/09\/image00009-min.jpeg\",\"contentUrl\":\"https:\/\/espazolecermariamiramontes.santiagodecompostela.gal\/wp-content\/uploads\/2023\/09\/image00009-min.jpeg\",\"width\":3024,\"height\":4032},{\"@type\":\"BreadcrumbList\",\"@id\":\"https:\/\/espazolecermariamiramontes.santiagodecompostela.gal\/?page_id=22#breadcrumb\",\"itemListElement\":[{\"@type\":\"ListItem\",\"position\":1,\"name\":\"Home\",\"item\":\"https:\/\/espazolecermariamiramontes.santiagodecompostela.gal\/\"},{\"@type\":\"ListItem\",\"position\":2,\"name\":\"O Espazo\"}]},{\"@type\":\"WebSite\",\"@id\":\"https:\/\/espazolecermariamiramontes.santiagodecompostela.gal\/#website\",\"url\":\"https:\/\/espazolecermariamiramontes.santiagodecompostela.gal\/\",\"name\":\"Espazo de Lecer Mar\u00eda Miramontes\",\"description\":\"Espazo no que se promove a aprendizaxe a trav\u00e9s do xogo\",\"publisher\":{\"@id\":\"https:\/\/espazolecermariamiramontes.santiagodecompostela.gal\/#organization\"},\"potentialAction\":[{\"@type\":\"SearchAction\",\"target\":{\"@type\":\"EntryPoint\",\"urlTemplate\":\"https:\/\/espazolecermariamiramontes.santiagodecompostela.gal\/?s={search_term_string}\"},\"query-input\":{\"@type\":\"PropertyValueSpecification\",\"valueRequired\":true,\"valueName\":\"search_term_string\"}}],\"inLanguage\":\"es\"},{\"@type\":\"Organization\",\"@id\":\"https:\/\/espazolecermariamiramontes.santiagodecompostela.gal\/#organization\",\"name\":\"Espazo de Lecer Mar\u00eda Miramontes\",\"url\":\"https:\/\/espazolecermariamiramontes.santiagodecompostela.gal\/\",\"logo\":{\"@type\":\"ImageObject\",\"inLanguage\":\"es\",\"@id\":\"https:\/\/espazolecermariamiramontes.santiagodecompostela.gal\/#\/schema\/logo\/image\/\",\"url\":\"https:\/\/espazolecermariamiramontes.santiagodecompostela.gal\/wp-content\/uploads\/2021\/09\/logoConcellonegroDE.png\",\"contentUrl\":\"https:\/\/espazolecermariamiramontes.santiagodecompostela.gal\/wp-content\/uploads\/2021\/09\/logoConcellonegroDE.png\",\"width\":613,\"height\":847,\"caption\":\"Espazo de Lecer Mar\u00eda Miramontes\"},\"image\":{\"@id\":\"https:\/\/espazolecermariamiramontes.santiagodecompostela.gal\/#\/schema\/logo\/image\/\"},\"sameAs\":[\"https:\/\/www.facebook.com\/Espazo-de-Lecer-Maria-Miramontes-110522278058870\/\",\"https:\/\/www.instagram.com\/espazodelecermariamiramontes\/\"]}]}<\/script>\n<!-- \/ Yoast SEO plugin. -->","yoast_head_json":{"title":"O Espazo - Espazo de Lecer Mar\u00eda Miramontes","robots":{"index":"index","follow":"follow","max-snippet":"max-snippet:-1","max-image-preview":"max-image-preview:large","max-video-preview":"max-video-preview:-1"},"canonical":"https:\/\/espazolecermariamiramontes.santiagodecompostela.gal\/?page_id=22","og_locale":"en_US","og_type":"article","og_title":"O Espazo - Espazo de Lecer Mar\u00eda Miramontes","og_description":"O Espazo Educativo e de Lecer Mar\u00eda Miramontes (Ludoteca das Fonti\u00f1as) est\u00e1 situada na r\u00faa das Fontes do Sar 3, en Santiago de Compostela. Conta cunha superficie total constru\u00edda de 1.080,50m2 e unha superficie \u00fatil de 730,63 m2, dividida en dous andares. Este equipamento municipal est\u00e1 concibido para acoller espazos de xogo libre, espont\u00e1neo e&hellip; Read more","og_url":"https:\/\/espazolecermariamiramontes.santiagodecompostela.gal\/?page_id=22","og_site_name":"Espazo de Lecer Mar\u00eda Miramontes","article_publisher":"https:\/\/www.facebook.com\/Espazo-de-Lecer-Maria-Miramontes-110522278058870\/","article_modified_time":"2023-09-18T18:03:18+00:00","og_image":[{"url":"https:\/\/espazolecermariamiramontes.santiagodecompostela.gal\/wp-content\/uploads\/2023\/09\/image00009-min.jpeg","type":"","width":"","height":""}],"twitter_card":"summary_large_image","twitter_misc":{"Est. reading time":"2 minutos"},"schema":{"@context":"https:\/\/schema.org","@graph":[{"@type":"WebPage","@id":"https:\/\/espazolecermariamiramontes.santiagodecompostela.gal\/?page_id=22","url":"https:\/\/espazolecermariamiramontes.santiagodecompostela.gal\/?page_id=22","name":"O Espazo - Espazo de Lecer Mar\u00eda Miramontes","isPartOf":{"@id":"https:\/\/espazolecermariamiramontes.santiagodecompostela.gal\/#website"},"primaryImageOfPage":{"@id":"https:\/\/espazolecermariamiramontes.santiagodecompostela.gal\/?page_id=22#primaryimage"},"image":{"@id":"https:\/\/espazolecermariamiramontes.santiagodecompostela.gal\/?page_id=22#primaryimage"},"thumbnailUrl":"https:\/\/espazolecermariamiramontes.santiagodecompostela.gal\/wp-content\/uploads\/2023\/09\/image00009-min.jpeg","datePublished":"2021-09-16T11:23:14+00:00","dateModified":"2023-09-18T18:03:18+00:00","breadcrumb":{"@id":"https:\/\/espazolecermariamiramontes.santiagodecompostela.gal\/?page_id=22#breadcrumb"},"inLanguage":"es","potentialAction":[{"@type":"ReadAction","target":["https:\/\/espazolecermariamiramontes.santiagodecompostela.gal\/?page_id=22"]}]},{"@type":"ImageObject","inLanguage":"es","@id":"https:\/\/espazolecermariamiramontes.santiagodecompostela.gal\/?page_id=22#primaryimage","url":"https:\/\/espazolecermariamiramontes.santiagodecompostela.gal\/wp-content\/uploads\/2023\/09\/image00009-min.jpeg","contentUrl":"https:\/\/espazolecermariamiramontes.santiagodecompostela.gal\/wp-content\/uploads\/2023\/09\/image00009-min.jpeg","width":3024,"height":4032},{"@type":"BreadcrumbList","@id":"https:\/\/espazolecermariamiramontes.santiagodecompostela.gal\/?page_id=22#breadcrumb","itemListElement":[{"@type":"ListItem","position":1,"name":"Home","item":"https:\/\/espazolecermariamiramontes.santiagodecompostela.gal\/"},{"@type":"ListItem","position":2,"name":"O Espazo"}]},{"@type":"WebSite","@id":"https:\/\/espazolecermariamiramontes.santiagodecompostela.gal\/#website","url":"https:\/\/espazolecermariamiramontes.santiagodecompostela.gal\/","name":"Espazo de Lecer Mar\u00eda Miramontes","description":"Espazo no que se promove a aprendizaxe a trav\u00e9s do xogo","publisher":{"@id":"https:\/\/espazolecermariamiramontes.santiagodecompostela.gal\/#organization"},"potentialAction":[{"@type":"SearchAction","target":{"@type":"EntryPoint","urlTemplate":"https:\/\/espazolecermariamiramontes.santiagodecompostela.gal\/?s={search_term_string}"},"query-input":{"@type":"PropertyValueSpecification","valueRequired":true,"valueName":"search_term_string"}}],"inLanguage":"es"},{"@type":"Organization","@id":"https:\/\/espazolecermariamiramontes.santiagodecompostela.gal\/#organization","name":"Espazo de Lecer Mar\u00eda Miramontes","url":"https:\/\/espazolecermariamiramontes.santiagodecompostela.gal\/","logo":{"@type":"ImageObject","inLanguage":"es","@id":"https:\/\/espazolecermariamiramontes.santiagodecompostela.gal\/#\/schema\/logo\/image\/","url":"https:\/\/espazolecermariamiramontes.santiagodecompostela.gal\/wp-content\/uploads\/2021\/09\/logoConcellonegroDE.png","contentUrl":"https:\/\/espazolecermariamiramontes.santiagodecompostela.gal\/wp-content\/uploads\/2021\/09\/logoConcellonegroDE.png","width":613,"height":847,"caption":"Espazo de Lecer Mar\u00eda Miramontes"},"image":{"@id":"https:\/\/espazolecermariamiramontes.santiagodecompostela.gal\/#\/schema\/logo\/image\/"},"sameAs":["https:\/\/www.facebook.com\/Espazo-de-Lecer-Maria-Miramontes-110522278058870\/","https:\/\/www.instagram.com\/espazodelecermariamiramontes\/"]}]}},"_links":{"self":[{"href":"https:\/\/espazolecermariamiramontes.santiagodecompostela.gal\/index.php?rest_route=\/wp\/v2\/pages\/22","targetHints":{"allow":["GET"]}}],"collection":[{"href":"https:\/\/espazolecermariamiramontes.santiagodecompostela.gal\/index.php?rest_route=\/wp\/v2\/pages"}],"about":[{"href":"https:\/\/espazolecermariamiramontes.santiagodecompostela.gal\/index.php?rest_route=\/wp\/v2\/types\/page"}],"author":[{"embeddable":true,"href":"https:\/\/espazolecermariamiramontes.santiagodecompostela.gal\/index.php?rest_route=\/wp\/v2\/users\/1"}],"replies":[{"embeddable":true,"href":"https:\/\/espazolecermariamiramontes.santiagodecompostela.gal\/index.php?rest_route=%2Fwp%2Fv2%2Fcomments&post=22"}],"version-history":[{"count":11,"href":"https:\/\/espazolecermariamiramontes.santiagodecompostela.gal\/index.php?rest_route=\/wp\/v2\/pages\/22\/revisions"}],"predecessor-version":[{"id":1372,"href":"https:\/\/espazolecermariamiramontes.santiagodecompostela.gal\/index.php?rest_route=\/wp\/v2\/pages\/22\/revisions\/1372"}],"wp:attachment":[{"href":"https:\/\/espazolecermariamiramontes.santiagodecompostela.gal\/index.php?rest_route=%2Fwp%2Fv2%2Fmedia&parent=22"}],"curies":[{"name":"wp","href":"https:\/\/api.w.org\/{rel}","templated":true}]}}